{"id":3586,"date":"2026-03-17T21:48:54","date_gmt":"2026-03-17T20:48:54","guid":{"rendered":"https:\/\/srlsampaense.com\/?page_id=3586"},"modified":"2026-03-17T21:48:54","modified_gmt":"2026-03-17T20:48:54","slug":"antigas-seccoes","status":"publish","type":"page","link":"https:\/\/srlsampaense.com\/index.php\/antigas-seccoes\/","title":{"rendered":"Antigas Sec\u00e7\u00f5es"},"content":{"rendered":"<p>Nesta \u00e1rea encontra as antigas Sec\u00e7\u00f5es da SRLS-IPSS que tiveram presen\u00e7a na Internet<\/p>\n","protected":false},"excerpt":{"rendered":"<p>Nesta \u00e1rea encontra as antigas Sec\u00e7\u00f5es da SRLS-IPSS que tiveram presen\u00e7a na Internet<\/p>\n","protected":false},"author":1,"featured_media":0,"parent":0,"menu_order":0,"comment_status":"closed","ping_status":"closed","template":"","meta":{"footnotes":""},"_links":{"self":[{"href":"https:\/\/srlsampaense.com\/index.php\/wp-json\/wp\/v2\/pages\/3586"}],"collection":[{"href":"https:\/\/srlsampaense.com\/index.php\/wp-json\/wp\/v2\/pages"}],"about":[{"href":"https:\/\/srlsampaense.com\/index.php\/wp-json\/wp\/v2\/types\/page"}],"author":[{"embeddable":true,"href":"https:\/\/srlsampaense.com\/index.php\/wp-json\/wp\/v2\/users\/1"}],"replies":[{"embeddable":true,"href":"https:\/\/srlsampaense.com\/index.php\/wp-json\/wp\/v2\/comments?post=3586"}],"version-history":[{"count":1,"href":"https:\/\/srlsampaense.com\/index.php\/wp-json\/wp\/v2\/pages\/3586\/revisions"}],"predecessor-version":[{"id":3588,"href":"https:\/\/srlsampaense.com\/index.php\/wp-json\/wp\/v2\/pages\/3586\/revisions\/3588"}],"wp:attachment":[{"href":"https:\/\/srlsampaense.com\/index.php\/wp-json\/wp\/v2\/media?parent=3586"}],"curies":[{"name":"wp","href":"https:\/\/api.w.org\/{rel}","templated":true}]}}