{"id":3514,"date":"2025-08-06T11:59:26","date_gmt":"2025-08-06T10:59:26","guid":{"rendered":"https:\/\/srlsampaense.com\/?page_id=3514"},"modified":"2025-08-06T11:59:26","modified_gmt":"2025-08-06T10:59:26","slug":"politica-de-cookies","status":"publish","type":"page","link":"https:\/\/srlsampaense.com\/index.php\/politica-de-cookies\/","title":{"rendered":"Pol\u00edtica de cookies"},"content":{"rendered":"<p><strong><span style=\"font-size: small;\"><b>POL\u00cdTICA DE COOKIES<\/b><\/span><\/strong><\/p>\n<p><span style=\"font-size: small;\">Os cookies s\u00e3o pequenos fragmentos de texto enviados para o seu navegador pelos websites que visita. Os cookies desempenham um papel importante; sem eles a utiliza\u00e7\u00e3o da web seria uma experi\u00eancia muito mais frustrante.<br \/>\n<\/span><span style=\"font-size: small;\">Os cookies s\u00e3o ficheiros que s\u00e3o gravados no seu computador que t\u00eam como \u00fanico objetivo simplificar a sua navega\u00e7\u00e3o em <\/span><a href=\"https:\/\/srlsampaense.com\/\"><span style=\"color: #3367d6;\"><span style=\"font-size: small;\">https:\/\/srlsampaense.com <\/span><\/span><\/a><span style=\"font-size: small;\">\u00a0facilitando a sua pr\u00f3xima visita e tornam o website <\/span><a href=\"https:\/\/srlsampaense.com\/\"><span style=\"color: #3367d6;\"><span style=\"font-size: small;\">https:\/\/srlsampaense.com<\/span><\/span><\/a><span style=\"font-size: small;\"> mais \u00fatil para si (estes cookies n\u00e3o podem conter v\u00edrus nem ser executados, pois n\u00e3o s\u00e3o ficheiros ativos).<br \/>\n<\/span><span style=\"font-size: small;\">Os cookies s\u00e3o gravados no equipamento terminal e acedidos pelo nosso website apenas porque e quando o utilizador d\u00e1 o seu consentimento atrav\u00e9s de um comportamento ativo e mediante uma decis\u00e3o livre consubstanciada na aceita\u00e7\u00e3o da navega\u00e7\u00e3o no nosso website, com base em informa\u00e7\u00f5es claras e completas nos termos adiante explicitados, nomeadamente sobre o objetivo do processamento.<br \/>\n<\/span><span style=\"font-size: small;\">Estes cookies apenas podem ser lidos em <\/span><span style=\"color: #3367d6;\"><span style=\"font-size: small;\"><a href=\"https:\/\/srlsampaense.com\/\">https:\/\/srlsampaense.com<\/a> <\/span><\/span><span style=\"font-size: small;\">e por si.<br \/>\n<\/span><span style=\"font-size: small;\">Os cookies que utilizamos e quais as fun\u00e7\u00f5es dos mesmos:<\/span><\/p>\n<ul>\n<li><strong><span style=\"font-size: small;\"><b>Cookies estritamente necess\u00e1rios &#8211;<\/b><\/span><\/strong><span style=\"font-size: small;\"> s\u00e3o cookies essenciais e que permitem ao nosso site responder a qualquer a\u00e7\u00e3o que executa no site, tal como completar um formul\u00e1rio de inqu\u00e9rito. O site n\u00e3o funciona corretamente se este cookie n\u00e3o for usado.<\/span><\/li>\n<li><strong><span style=\"font-size: small;\"><b>Cookies anal\u00edticos &#8211;<\/b><\/span><\/strong><span style=\"font-size: small;\"> s\u00e3o cookies que permitem a fun\u00e7\u00e3o do software de an\u00e1lise (analytics). Este software ajuda a analisar os nossos visitantes do site e fornecer informa\u00e7\u00f5es an\u00f3nimas, como navegadores utilizados, visitantes de retorno e de resposta \u00e0s atividades de marketing. Esta informa\u00e7\u00e3o ajuda-nos a melhorar o site e sua experi\u00eancia on-line.<\/span><\/li>\n<li><strong><span style=\"font-size: small;\"><b>Cookies de Funcionalidade &#8211; <\/b><\/span><\/strong><span style=\"font-size: small;\">s\u00e3o cookies que guardam as prefer\u00eancias do utilizador relativamente \u00e0 utiliza\u00e7\u00e3o do site, de forma que n\u00e3o seja necess\u00e1rio voltar a configurar o site cada vez que o visita.<\/span><\/li>\n<li><strong><span style=\"font-size: small;\"><b>Cookies permanentes &#8211;<\/b><\/span><\/strong><span style=\"font-size: small;\"> s\u00e3o cookies que ficam armazenados nos dispositivos de acesso (computador, telem\u00f3vel, smartphone ou tablet), ao n\u00edvel do navegador de internet (browser), e s\u00e3o usados sempre que o utilizador visita novamente o site. Em geral, s\u00e3o usados para direcionar a navega\u00e7\u00e3o de acordo com os interesses do utilizador, permitindo prestar um servi\u00e7o mais personalizado;<\/span><\/li>\n<li><strong><span style=\"font-size: small;\"><b>Cookies de sess\u00e3o &#8211;<\/b><\/span><\/strong><span style=\"font-size: small;\"> s\u00e3o cookies tempor\u00e1rios, que s\u00e3o gerados e est\u00e3o dispon\u00edveis at\u00e9 encerrar a sess\u00e3o. Da pr\u00f3xima vez que o utilizador aceder ao seu navegador de internet (browser) os cookies j\u00e1 n\u00e3o estar\u00e3o armazenados. A informa\u00e7\u00e3o obtida permite gerir as sess\u00f5es, identificar problemas e fornecer uma melhor experi\u00eancia de navega\u00e7\u00e3o.<\/span><\/li>\n<\/ul>\n<p><span style=\"font-size: small;\">\u00c9 permitido ao utilizador aceitar, recusar ou apagar cookies, nomeadamente atrav\u00e9s da sele\u00e7\u00e3o das defini\u00e7\u00f5es apropriadas no respetivo navegador (browser). Ao desativar cookies poder\u00e1 impedir que alguns dos nossos servi\u00e7os da web funcionem corretamente.<br \/>\n<\/span><span style=\"font-size: small;\">Para obter mais informa\u00e7\u00f5es sobre cookies, incluindo para saber que cookies foram instalados e como podem ser geridos e eliminados, visite <\/span><a href=\"http:\/\/www.allaboutcookies.org\/\"><span style=\"color: #3367d6;\"><span style=\"font-size: small;\">http:\/\/www.allaboutcookies.org<\/span><\/span><\/a><span style=\"font-size: small;\">.<br \/>\n<\/span><span style=\"font-size: small;\">Se n\u00e3o quiser que as suas visitas a sitios web sejam detectadas pelo Google Analytics, v\u00e1 a <\/span><a href=\"http:\/\/tools.google.com\/dlpage\/gaoptout\"><span style=\"color: #3367d6;\"><span style=\"font-size: small;\">http:\/\/tools.google.com\/dlpage\/gaoptout<\/span><\/span><\/a><\/p>\n<p><strong><span style=\"font-size: small;\"><b>Aceita\u00e7\u00e3o destes termos<br \/>\n<\/b><\/span><\/strong><span style=\"font-size: small;\">Ao utilizar este site, o utilizador concorda com a recolha e uso das suas informa\u00e7\u00f5es tal como estabelecido nesta Pol\u00edtica de Cookies.<\/span><\/p>\n","protected":false},"excerpt":{"rendered":"<p>POL\u00cdTICA DE COOKIES Os cookies s\u00e3o pequenos fragmentos de texto enviados para o seu navegador pelos websites que visita. Os cookies desempenham um papel importante; sem eles a utiliza\u00e7\u00e3o da web seria uma experi\u00eancia muito mais frustrante. Os cookies s\u00e3o ficheiros que s\u00e3o gravados no seu computador que t\u00eam como \u00fanico objetivo simplificar a sua [&hellip;]<\/p>\n","protected":false},"author":1,"featured_media":0,"parent":0,"menu_order":0,"comment_status":"closed","ping_status":"closed","template":"","meta":{"footnotes":""},"_links":{"self":[{"href":"https:\/\/srlsampaense.com\/index.php\/wp-json\/wp\/v2\/pages\/3514"}],"collection":[{"href":"https:\/\/srlsampaense.com\/index.php\/wp-json\/wp\/v2\/pages"}],"about":[{"href":"https:\/\/srlsampaense.com\/index.php\/wp-json\/wp\/v2\/types\/page"}],"author":[{"embeddable":true,"href":"https:\/\/srlsampaense.com\/index.php\/wp-json\/wp\/v2\/users\/1"}],"replies":[{"embeddable":true,"href":"https:\/\/srlsampaense.com\/index.php\/wp-json\/wp\/v2\/comments?post=3514"}],"version-history":[{"count":1,"href":"https:\/\/srlsampaense.com\/index.php\/wp-json\/wp\/v2\/pages\/3514\/revisions"}],"predecessor-version":[{"id":3516,"href":"https:\/\/srlsampaense.com\/index.php\/wp-json\/wp\/v2\/pages\/3514\/revisions\/3516"}],"wp:attachment":[{"href":"https:\/\/srlsampaense.com\/index.php\/wp-json\/wp\/v2\/media?parent=3514"}],"curies":[{"name":"wp","href":"https:\/\/api.w.org\/{rel}","templated":true}]}}