{"id":338,"date":"2015-06-29T00:20:39","date_gmt":"2015-06-28T23:20:39","guid":{"rendered":"http:\/\/srlsampaense.com\/?page_id=338"},"modified":"2015-06-29T02:10:33","modified_gmt":"2015-06-29T01:10:33","slug":"procissao-na-sa-dos-milagres","status":"publish","type":"page","link":"https:\/\/srlsampaense.com\/index.php\/procissao-na-sa-dos-milagres\/","title":{"rendered":"Prociss\u00e3o N\u00aa S\u00aa dos Milagres"},"content":{"rendered":"<p style=\"text-align: center;\"><strong>Prociss\u00e3o no dia 15 de Agosto em honra \u00e0 Padroeira N.\u00aa S.\u00aa dos Milagres<\/strong><\/p>\n<h6 style=\"text-align: center;\">Festa em honra de N.\u00aa S.\u00aa dos Milagres, tem mais de mais de 100 anos, reunindo peregrinos e pessoas de v\u00e1rios locais da regi\u00e3o, devido ao milagres concedidos, pela festividade e o vistoso fogo de artif\u00edcio, que por tradi\u00e7\u00e3o \u00e9 os melhores de toda a regi\u00e3o.<\/h6>\n<p style=\"text-align: center;\">Videos da prociss\u00e3o no ano de 2005<\/p>\n<p><iframe loading=\"lazy\" title=\"Prociss\u00e3o - Parte 1\" width=\"955\" height=\"716\" src=\"https:\/\/www.youtube.com\/embed\/Rwvr8WDRjSo?feature=oembed\" frameborder=\"0\" allow=\"accelerometer; autoplay; clipboard-write; encrypted-media; gyroscope; picture-in-picture\" allowfullscreen><\/iframe><\/p>\n<p><iframe loading=\"lazy\" title=\"Prociss\u00e3o - Parte 2\" width=\"955\" height=\"716\" src=\"https:\/\/www.youtube.com\/embed\/tzJ-FzLGj6Y?feature=oembed\" frameborder=\"0\" allow=\"accelerometer; autoplay; clipboard-write; encrypted-media; gyroscope; picture-in-picture\" allowfullscreen><\/iframe><\/p>\n<p><iframe loading=\"lazy\" title=\"Prociss\u00e3o da N.\u00aa Sr.\u00aa dos Milagres 2005\" width=\"955\" height=\"716\" src=\"https:\/\/www.youtube.com\/embed\/mTcxY1NLn1M?feature=oembed\" frameborder=\"0\" allow=\"accelerometer; autoplay; clipboard-write; encrypted-media; gyroscope; picture-in-picture\" allowfullscreen><\/iframe><\/p>\n<p><iframe loading=\"lazy\" title=\"Prociss\u00e3o - Parte 3\" width=\"955\" height=\"716\" src=\"https:\/\/www.youtube.com\/embed\/K9F_u245nkc?feature=oembed\" frameborder=\"0\" allow=\"accelerometer; autoplay; clipboard-write; encrypted-media; gyroscope; picture-in-picture\" allowfullscreen><\/iframe><\/p>\n","protected":false},"excerpt":{"rendered":"<p>Prociss\u00e3o no dia 15 de Agosto em honra \u00e0 Padroeira N.\u00aa S.\u00aa dos Milagres Festa em honra de N.\u00aa S.\u00aa dos Milagres, tem mais de mais de 100 anos, reunindo peregrinos e pessoas de v\u00e1rios locais da regi\u00e3o, devido ao milagres concedidos, pela festividade e o vistoso fogo de artif\u00edcio, que por tradi\u00e7\u00e3o \u00e9 os [&hellip;]<\/p>\n","protected":false},"author":1,"featured_media":0,"parent":0,"menu_order":0,"comment_status":"closed","ping_status":"closed","template":"","meta":{"footnotes":""},"_links":{"self":[{"href":"https:\/\/srlsampaense.com\/index.php\/wp-json\/wp\/v2\/pages\/338"}],"collection":[{"href":"https:\/\/srlsampaense.com\/index.php\/wp-json\/wp\/v2\/pages"}],"about":[{"href":"https:\/\/srlsampaense.com\/index.php\/wp-json\/wp\/v2\/types\/page"}],"author":[{"embeddable":true,"href":"https:\/\/srlsampaense.com\/index.php\/wp-json\/wp\/v2\/users\/1"}],"replies":[{"embeddable":true,"href":"https:\/\/srlsampaense.com\/index.php\/wp-json\/wp\/v2\/comments?post=338"}],"version-history":[{"count":2,"href":"https:\/\/srlsampaense.com\/index.php\/wp-json\/wp\/v2\/pages\/338\/revisions"}],"predecessor-version":[{"id":341,"href":"https:\/\/srlsampaense.com\/index.php\/wp-json\/wp\/v2\/pages\/338\/revisions\/341"}],"wp:attachment":[{"href":"https:\/\/srlsampaense.com\/index.php\/wp-json\/wp\/v2\/media?parent=338"}],"curies":[{"name":"wp","href":"https:\/\/api.w.org\/{rel}","templated":true}]}}