{"id":3300,"date":"2023-06-22T16:57:02","date_gmt":"2023-06-22T15:57:02","guid":{"rendered":"http:\/\/srlsampaense.com\/?page_id=3300"},"modified":"2023-06-22T17:04:16","modified_gmt":"2023-06-22T16:04:16","slug":"na-sa-das-preces","status":"publish","type":"page","link":"https:\/\/srlsampaense.com\/index.php\/na-sa-das-preces\/","title":{"rendered":"Nossa Senhora das Preces"},"content":{"rendered":"<p>Santu\u00e1rio em honra de Nossa Senhora (m\u00e3e de Jesus), que apareceu aos pastorinhos no Monte do Colcurinho em 1371<\/p>\n<p>&nbsp;<\/p>\n<p><strong><a href=\"https:\/\/www.snsp.pt\/\">Visite o site da Nossa Senhora das Precres <\/a><\/strong><a href=\"https:\/\/www.snsp.pt\/\">(clicando nesta liga\u00e7\u00e3o)<\/a><br \/>\n(tem muita informa\u00e7\u00e3o para consulta)<\/p>\n","protected":false},"excerpt":{"rendered":"<p>Santu\u00e1rio em honra de Nossa Senhora (m\u00e3e de Jesus), que apareceu aos pastorinhos no Monte do Colcurinho em 1371 &nbsp; Visite o site da Nossa Senhora das Precres (clicando nesta liga\u00e7\u00e3o) (tem muita informa\u00e7\u00e3o para consulta)<\/p>\n","protected":false},"author":1,"featured_media":0,"parent":0,"menu_order":0,"comment_status":"closed","ping_status":"closed","template":"","meta":{"footnotes":""},"_links":{"self":[{"href":"https:\/\/srlsampaense.com\/index.php\/wp-json\/wp\/v2\/pages\/3300"}],"collection":[{"href":"https:\/\/srlsampaense.com\/index.php\/wp-json\/wp\/v2\/pages"}],"about":[{"href":"https:\/\/srlsampaense.com\/index.php\/wp-json\/wp\/v2\/types\/page"}],"author":[{"embeddable":true,"href":"https:\/\/srlsampaense.com\/index.php\/wp-json\/wp\/v2\/users\/1"}],"replies":[{"embeddable":true,"href":"https:\/\/srlsampaense.com\/index.php\/wp-json\/wp\/v2\/comments?post=3300"}],"version-history":[{"count":3,"href":"https:\/\/srlsampaense.com\/index.php\/wp-json\/wp\/v2\/pages\/3300\/revisions"}],"predecessor-version":[{"id":3305,"href":"https:\/\/srlsampaense.com\/index.php\/wp-json\/wp\/v2\/pages\/3300\/revisions\/3305"}],"wp:attachment":[{"href":"https:\/\/srlsampaense.com\/index.php\/wp-json\/wp\/v2\/media?parent=3300"}],"curies":[{"name":"wp","href":"https:\/\/api.w.org\/{rel}","templated":true}]}}