{"id":31,"date":"2015-05-30T01:13:06","date_gmt":"2015-05-30T00:13:06","guid":{"rendered":"http:\/\/webyte.pt\/srls\/?page_id=31"},"modified":"2019-01-19T14:40:10","modified_gmt":"2019-01-19T13:40:10","slug":"orgaos-sociais","status":"publish","type":"page","link":"https:\/\/srlsampaense.com\/index.php\/orgaos-sociais\/","title":{"rendered":"Corpos gerentes"},"content":{"rendered":"\n<p style=\"text-align:center\"><strong>CAP\u00cdTULO\nIII<\/strong><\/p>\n\n\n\n<p style=\"text-align:center\">CORPOS GERENTES<br><strong>Sec\u00e7\u00e3o I<\/strong><br>Disposi\u00e7\u00f5es Gerais<br><strong>Artigo 18.\u00ba<\/strong><br>(Composi\u00e7\u00e3o dos Corpos Gerentes)<br><\/p>\n\n\n\n<p>S\u00e3o \u00d3rg\u00e3os Gerentes da SRLS-IPSS, a Assembleia Geral, a Dire\u00e7\u00e3o e o Conselho Fiscal. <\/p>\n\n\n\n<p style=\"text-align:center\"><strong>Artigo 19.\u00ba<\/strong><br>(Condi\u00e7\u00f5es de exerc\u00edcio dos cargos)<\/p>\n\n\n\n<p>O exerc\u00edcio de qualquer cargo nos Corpos Gerentes \u00e9 gratuito mas pode justificar o pagamento de despesas delas derivadas. <\/p>\n\n\n\n<p style=\"text-align:center\"><strong>Artigo 20.\u00ba<\/strong><br> (Elei\u00e7\u00e3o e tomada de posse)<\/p>\n\n\n\n<p>1 \u2013 A dura\u00e7\u00e3o do mandato dos Corpos Gerentes \u00e9 de quatro anos, devendo proceder-se \u00e0 sua elei\u00e7\u00e3o no m\u00eas de dezembro do \u00faltimo ano de cada mandato. <br>2 \u2013 O mandato inicia-se com a tomada de posse perante o presidente da Mesa da Assembleia Geral cessante ou seu substituto, o que dever\u00e1 acontecer at\u00e9 ao 30.\u00ba dia posterior ao da elei\u00e7\u00e3o. <br>3 \u2013 Quando a elei\u00e7\u00e3o tenha sido efetuada extraordinariamente, fora do m\u00eas de dezembro, a posse poder\u00e1 ter lugar dentro do prazo estabelecido no n\u00famero 2, mas neste caso e para efeitos do n\u00famero 1, o mandato considera-se iniciado na primeira quinzena do ano civil em que se realizou a elei\u00e7\u00e3o.<br>4 \u2013 Quando as elei\u00e7\u00f5es n\u00e3o sejam realizadas atempadamente considera-se prorrogado o mandato em curso at\u00e9 \u00e0 posse dos novos Corpos Gerentes. <br>5 \u2014 Os titulares dos \u00d3rg\u00e3os Gerentes mant\u00eam-se em fun\u00e7\u00f5es at\u00e9 \u00e0 tomada de posse dos novos titulares. <br>6 \u2014 O exerc\u00edcio do mandato dos titulares dos \u00d3rg\u00e3os Gerentes s\u00f3 pode ter in\u00edcio ap\u00f3s a respetiva tomada de posse, sem preju\u00edzo do disposto no n.\u00ba 7. <br>7 \u2014 Caso o Presidente cessante da Assembleia Geral n\u00e3o confira a posse at\u00e9 ao 30.\u00ba dia posterior ao da elei\u00e7\u00e3o, os titulares eleitos pela Assembleia Geral entram em exerc\u00edcio independentemente da tomada posse, salvo se a delibera\u00e7\u00e3o de elei\u00e7\u00e3o tiver sido suspensa por procedimento cautelar. <br>8 &#8211; Nenhum titular da Dire\u00e7\u00e3o pode ser simultaneamente titular do Conselho Fiscal e ou da Assembleia Geral.<\/p>\n\n\n\n<p style=\"text-align:center\">(Extrato\ndos Estatutos da SRLS-IPSS aprovados na Assembleia Geral de\n22\/12\/2017)<\/p>\n","protected":false},"excerpt":{"rendered":"<p>CAP\u00cdTULO III CORPOS GERENTESSec\u00e7\u00e3o IDisposi\u00e7\u00f5es GeraisArtigo 18.\u00ba(Composi\u00e7\u00e3o dos Corpos Gerentes) S\u00e3o \u00d3rg\u00e3os Gerentes da SRLS-IPSS, a Assembleia Geral, a Dire\u00e7\u00e3o e o Conselho Fiscal. Artigo 19.\u00ba(Condi\u00e7\u00f5es de exerc\u00edcio dos cargos) O exerc\u00edcio de qualquer cargo nos Corpos Gerentes \u00e9 gratuito mas pode justificar o pagamento de despesas delas derivadas. Artigo 20.\u00ba (Elei\u00e7\u00e3o e tomada de [&hellip;]<\/p>\n","protected":false},"author":1,"featured_media":0,"parent":0,"menu_order":0,"comment_status":"closed","ping_status":"closed","template":"","meta":{"footnotes":""},"_links":{"self":[{"href":"https:\/\/srlsampaense.com\/index.php\/wp-json\/wp\/v2\/pages\/31"}],"collection":[{"href":"https:\/\/srlsampaense.com\/index.php\/wp-json\/wp\/v2\/pages"}],"about":[{"href":"https:\/\/srlsampaense.com\/index.php\/wp-json\/wp\/v2\/types\/page"}],"author":[{"embeddable":true,"href":"https:\/\/srlsampaense.com\/index.php\/wp-json\/wp\/v2\/users\/1"}],"replies":[{"embeddable":true,"href":"https:\/\/srlsampaense.com\/index.php\/wp-json\/wp\/v2\/comments?post=31"}],"version-history":[{"count":5,"href":"https:\/\/srlsampaense.com\/index.php\/wp-json\/wp\/v2\/pages\/31\/revisions"}],"predecessor-version":[{"id":1758,"href":"https:\/\/srlsampaense.com\/index.php\/wp-json\/wp\/v2\/pages\/31\/revisions\/1758"}],"wp:attachment":[{"href":"https:\/\/srlsampaense.com\/index.php\/wp-json\/wp\/v2\/media?parent=31"}],"curies":[{"name":"wp","href":"https:\/\/api.w.org\/{rel}","templated":true}]}}