{"id":2667,"date":"2021-06-26T13:09:30","date_gmt":"2021-06-26T12:09:30","guid":{"rendered":"http:\/\/srlsampaense.com\/?page_id=2667"},"modified":"2021-06-26T13:16:36","modified_gmt":"2021-06-26T12:16:36","slug":"pesquisa-genealogica","status":"publish","type":"page","link":"https:\/\/srlsampaense.com\/index.php\/pesquisa-genealogica\/","title":{"rendered":"Pesquisa Geneal\u00f3gica (Tombo e UC)"},"content":{"rendered":"\n<p class=\"has-text-align-left\">Pode consultar os livros de registos de S\u00e3o Paio de Grama\u00e7os, relativos a nascimentos, batismos, falecimentos ou mistos, entre <strong>1666 e 1911<\/strong>, para a sua pesquisa geneal\u00f3gica ou para seu conhecimento pessoal, atrav\u00e9s dos links a seguir, clicando em cima deles: <br \/><strong><a rel=\"noreferrer noopener\" href=\"https:\/\/tombo.pt\/f\/ohp16\" target=\"_blank\">&#8211; Arquivo da Universidade de Coimbra<\/a><\/strong><br \/>&#8211; <strong><a rel=\"noreferrer noopener\" href=\"https:\/\/tombo.pt\/f\/ohp16\" data-type=\"URL\" data-id=\"https:\/\/tombo.pt\/f\/ohp16\" target=\"_blank\">Torre do Tombo<\/a><\/strong><br \/><br \/><em>Nota: A administra\u00e7\u00e3o da p\u00e1gina procura manter os links atualizados, contudo podem n\u00e3o funcionar por terem sido alteradas as p\u00e1ginas externas.<\/em><br \/><\/p>\n\n\n\n<p><\/p>\n","protected":false},"excerpt":{"rendered":"<p>Pode consultar os livros de registos de S\u00e3o Paio de Grama\u00e7os, relativos a nascimentos, batismos, falecimentos ou mistos, entre 1666 e 1911, para a sua pesquisa geneal\u00f3gica ou para seu conhecimento pessoal, atrav\u00e9s dos links a seguir, clicando em cima deles: &#8211; Arquivo da Universidade de Coimbra&#8211; Torre do Tombo Nota: A administra\u00e7\u00e3o da p\u00e1gina [&hellip;]<\/p>\n","protected":false},"author":1,"featured_media":0,"parent":0,"menu_order":0,"comment_status":"closed","ping_status":"closed","template":"","meta":{"footnotes":""},"_links":{"self":[{"href":"https:\/\/srlsampaense.com\/index.php\/wp-json\/wp\/v2\/pages\/2667"}],"collection":[{"href":"https:\/\/srlsampaense.com\/index.php\/wp-json\/wp\/v2\/pages"}],"about":[{"href":"https:\/\/srlsampaense.com\/index.php\/wp-json\/wp\/v2\/types\/page"}],"author":[{"embeddable":true,"href":"https:\/\/srlsampaense.com\/index.php\/wp-json\/wp\/v2\/users\/1"}],"replies":[{"embeddable":true,"href":"https:\/\/srlsampaense.com\/index.php\/wp-json\/wp\/v2\/comments?post=2667"}],"version-history":[{"count":6,"href":"https:\/\/srlsampaense.com\/index.php\/wp-json\/wp\/v2\/pages\/2667\/revisions"}],"predecessor-version":[{"id":2675,"href":"https:\/\/srlsampaense.com\/index.php\/wp-json\/wp\/v2\/pages\/2667\/revisions\/2675"}],"wp:attachment":[{"href":"https:\/\/srlsampaense.com\/index.php\/wp-json\/wp\/v2\/media?parent=2667"}],"curies":[{"name":"wp","href":"https:\/\/api.w.org\/{rel}","templated":true}]}}