{"id":2482,"date":"2021-02-25T14:47:11","date_gmt":"2021-02-25T13:47:11","guid":{"rendered":"http:\/\/srlsampaense.com\/?page_id=2482"},"modified":"2021-02-25T14:47:11","modified_gmt":"2021-02-25T13:47:11","slug":"lajeosa-toponimo","status":"publish","type":"page","link":"https:\/\/srlsampaense.com\/index.php\/lajeosa-toponimo\/","title":{"rendered":"Lajeosa &#8211; top\u00f3nimo"},"content":{"rendered":"<p>Publicado por\u00a0<strong>Lucinda Maria Brito<\/strong> em 26\/11\/2014, \u00e0s 16:07 horas in: <a href=\"https:\/\/www.facebook.com\/lucindamaria.brito\/posts\/3461493310640301\">https:\/\/www.facebook.com\/lucindamaria.brito\/posts\/3461493310640301<\/a><\/p>\n<hr \/>\n<div dir=\"auto\">LAJEOSA &#8211; TOP\u00d3NIMO<\/div>\n<div dir=\"auto\">Lajeosa ou Lageosa (na antiga grafia) \u00e9 uma antiga freguesia portuguesa do concelho de Oliveira do Hospital.<\/div>\n<div dir=\"auto\">A Uni\u00e3o das freguesias de Lagos da Beira e Lajeosa foi constitu\u00edda em 2013, no \u00e2mbito da Reorganiza\u00e7\u00e3o administrativa do territ\u00f3rio das freguesias (Lei n.\u00ba 11-A\/2013 de 28 de Janeiro), pela agrega\u00e7\u00e3o das antigas freguesias de Lagos da Beira e Lajeosa.<\/div>\n<div dir=\"auto\">A freguesia da Lajeosa foi desmembrada da freguesia de Lagos (da Beira). Trata-se tamb\u00e9m de uma das freguesias mais pequenas do concelho de Oliveira do Hospital, e a mais pequena das freguesias da periferia da Cidade.<\/div>\n<div dir=\"auto\">Lajeosa ter\u00e1 mesmo beneficiado de estatuto Municipal, n\u00e3o se conhecendo, por\u00e9m, com precis\u00e3o a data e o per\u00edodo da atribui\u00e7\u00e3o dessa qualidade. Confirma-se, todavia, pelo Cadastro da Popula\u00e7\u00e3o do Reino de 1527, que chegou a ser sede de concelho, embora durante pouco tempo.<\/div>\n<div dir=\"auto\">A refer\u00eancia mais antiga que se conhece de Lajeosa consta das Inquiri\u00e7\u00f5es &#8211; inqu\u00e9ritos ordenados por alguns reis de Portugal, para averiguar a legitimidade das terras possu\u00eddas pela nobreza. Nas Inquiri\u00e7\u00f5es de 1258 consta que esta freguesia pertencia, por honra, \u00e0 ordem de Avis ou Calatrava.<\/div>\n<div dir=\"auto\">Chegou tamb\u00e9m a ser um curado da apresenta\u00e7\u00e3o do prior de Lagos.<\/div>\n<div dir=\"auto\">Ainda no s\u00e9culo XVI a freguesia de Lajeosa surge integrada no concelho de Vila do Casal, onde se manteve at\u00e9 \u00e0 sua extin\u00e7\u00e3o a 6 de Novembro de 1836, data em que transita para o concelho de Oliveira do Hospital.<\/div>\n<div dir=\"auto\">E o top\u00f3nimo? Lajeosa \u00e9 um lugar que tem lajes. Da abund\u00e2ncia destas e dos penedos onde assentam vem o nome da aldeia. O que \u00e9 uma laje? \u00c9 uma grande pedra nativa, baixa e lisa. Por isso, era e \u00e9 aproveitada para malhar e secar cereais \u2013 eira \u2013 e tamb\u00e9m como passeira para secar frutos.<\/div>\n<div dir=\"auto\">Tamb\u00e9m se lhe chama lajeira e consideram-se correctas as formas laje, laja, l\u00e1jea, lagem, lagena, talvez oriundas de um latim hisp\u00e2nico.<\/div>\n<div dir=\"auto\">O orago da freguesia \u00e9 Nossa Senhora da Expecta\u00e7\u00e3o, mas a grande festa do ano \u00e9 dedicada a Santa Luzia. Realiza-se no primeiro Domingo de Maio, coincidentemente Dia da M\u00e3e e inaugura as romarias do concelho.<\/div>\n<div dir=\"auto\">Al\u00e9m de Lajeosa, a Quinta do Poeiro faz parte desta Uni\u00e3o de Freguesias.<\/div>\n<div dir=\"auto\">De salientar o seguinte patrim\u00f3nio:<\/div>\n<div dir=\"auto\">Igreja de Nossa Senhora da Expecta\u00e7\u00e3o (matriz)<\/div>\n<div dir=\"auto\">Casa setecentista (e capela)<\/div>\n<div dir=\"auto\">Ru\u00ednas da capela da Malhadoura<\/div>\n<div dir=\"auto\">Fonte Velha<\/div>\n<div dir=\"auto\">Alminhas da Fonte Velha<\/div>\n<div dir=\"auto\">Visitem esta terra do nosso concelho. Belas paisagens e, sobretudo, boa gente hospitaleira e simp\u00e1tica! Gostem-se e gostem de Oliveira do Hospital!<\/div>\n<div dir=\"auto\">Lucinda Maria (Consulta do livro do Dr. Francisco Correia das Neves e imagens de Google)<\/div>\n","protected":false},"excerpt":{"rendered":"<p>Publicado por\u00a0Lucinda Maria Brito em 26\/11\/2014, \u00e0s 16:07 horas in: https:\/\/www.facebook.com\/lucindamaria.brito\/posts\/3461493310640301 LAJEOSA &#8211; TOP\u00d3NIMO Lajeosa ou Lageosa (na antiga grafia) \u00e9 uma antiga freguesia portuguesa do concelho de Oliveira do Hospital. A Uni\u00e3o das freguesias de Lagos da Beira e Lajeosa foi constitu\u00edda em 2013, no \u00e2mbito da Reorganiza\u00e7\u00e3o administrativa do territ\u00f3rio das freguesias (Lei [&hellip;]<\/p>\n","protected":false},"author":1,"featured_media":0,"parent":0,"menu_order":0,"comment_status":"closed","ping_status":"closed","template":"","meta":{"footnotes":""},"_links":{"self":[{"href":"https:\/\/srlsampaense.com\/index.php\/wp-json\/wp\/v2\/pages\/2482"}],"collection":[{"href":"https:\/\/srlsampaense.com\/index.php\/wp-json\/wp\/v2\/pages"}],"about":[{"href":"https:\/\/srlsampaense.com\/index.php\/wp-json\/wp\/v2\/types\/page"}],"author":[{"embeddable":true,"href":"https:\/\/srlsampaense.com\/index.php\/wp-json\/wp\/v2\/users\/1"}],"replies":[{"embeddable":true,"href":"https:\/\/srlsampaense.com\/index.php\/wp-json\/wp\/v2\/comments?post=2482"}],"version-history":[{"count":1,"href":"https:\/\/srlsampaense.com\/index.php\/wp-json\/wp\/v2\/pages\/2482\/revisions"}],"predecessor-version":[{"id":2484,"href":"https:\/\/srlsampaense.com\/index.php\/wp-json\/wp\/v2\/pages\/2482\/revisions\/2484"}],"wp:attachment":[{"href":"https:\/\/srlsampaense.com\/index.php\/wp-json\/wp\/v2\/media?parent=2482"}],"curies":[{"name":"wp","href":"https:\/\/api.w.org\/{rel}","templated":true}]}}