{"id":2345,"date":"2020-12-07T22:59:47","date_gmt":"2020-12-07T21:59:47","guid":{"rendered":"http:\/\/srlsampaense.com\/?page_id=2345"},"modified":"2020-12-07T22:59:47","modified_gmt":"2020-12-07T21:59:47","slug":"sao-giao-toponimo","status":"publish","type":"page","link":"https:\/\/srlsampaense.com\/index.php\/sao-giao-toponimo\/","title":{"rendered":"S\u00e3o Gi\u00e3o &#8211; top\u00f3nimo"},"content":{"rendered":"<div class=\"kvgmc6g5 cxmmr5t8 oygrvhab hcukyx3x c1et5uql ii04i59q\">\n<div dir=\"auto\">Publicado por\u00a0<strong>Lucinda Maria Brito<\/strong> em 07\/12\/2020, \u00e0s 16:28 horas in: <a href=\"https:\/\/www.facebook.com\/lucindamaria.brito\/posts\/3303126536476980\">https:\/\/www.facebook.com\/lucindamaria.brito\/posts\/3303126536476980<\/a><\/div>\n<div dir=\"auto\">\n<hr \/>\n<\/div>\n<div dir=\"auto\">S\u00c3O GI\u00c3O &#8211; TOP\u00d3NIMO<\/div>\n<div dir=\"auto\">S\u00e3o Gi\u00e3o \u00e9 uma freguesia portuguesa do concelho de Oliveira do Hospital e do distrito de Coimbra. Foi curato de apresenta\u00e7\u00e3o do comentador de S. Tom\u00e9 de Penalva, tendo pertencido \u00e0 vila de Penalva de Alva.<\/div>\n<div dir=\"auto\">Pertenceu ao concelho de Sandomil, at\u00e9 \u00e0 sua extin\u00e7\u00e3o em 1846, ap\u00f3s o qual passou a integrar o concelho de Seia. A partir de 13 de Janeiro de 1898, foi transferido para o concelho de Oliveira do Hospital.<\/div>\n<div dir=\"auto\">Pertence \u00e0 rede de Aldeias de Montanha.<\/div>\n<div dir=\"auto\">Encontra-se no Vale do Alva, vale escavado pelo Rio Alva, afluente do Rio Mondego (nasce na Serra da Estrela e desagua na Figueira da Foz), bem como entre as ribeiras de Vide e de Alvoco (afluente, por sua vez, do Rio Alva). Sito na conflu\u00eancia da Serra da Estrela e da Serra do A\u00e7or.<\/div>\n<div dir=\"auto\">\u00c9 a freguesia mais a Este do Concelho e do Distrito.<\/div>\n<div dir=\"auto\">Qual a origem do top\u00f3nimo S. Gi\u00e3o? Deriva do latim Julianu do adjectivo julianus, que tem a ver com J\u00falio C\u00e9sar. \u00c9 o orago da freguesia. Associa-se a S\u00e3o Juli\u00e3o que viveu no s\u00e9culo III, em Antioquia, e dedicou a sua vida, em colabora\u00e7\u00e3o com Basilissa (sua esposa), \u00e0 assist\u00eancia aos pobres e necessitados, chegando mesmo a transformar a sua casa num hosp\u00edcio.<\/div>\n<div dir=\"auto\">Imposs\u00edvel falar desta bela aldeia, sem referir a Catedral das Beiras, sua Igreja Matriz. Foi constru\u00edda em 1795, nos tempos de D. Maria I, tendo a fachada sido reconstru\u00edda no in\u00edcio do s\u00e9culo XX (1916) devido \u00e0 sua derrocada. O seu estilo \u00e9 barroco, sendo o tecto composto por 102 pain\u00e9is, atribu\u00eddos a Pascoal Parente, um italiano ent\u00e3o a residir em Coimbra. Os ret\u00e1bulos ostentam talha dourada. Linda e majestosa, da\u00ed o ep\u00edteto por que \u00e9 conhecida.<\/div>\n<div dir=\"auto\">N\u00e3o se fica por aqui o interesse desta freguesia. Aproveitando os recursos naturais abundantes desta zona serrana, farta em bosques e pinhais, como em recursos h\u00eddricos (que levaram \u00e0 constru\u00e7\u00e3o de in\u00fameras fontes e \u00e0 prospec\u00e7\u00e3o de rios e ribeiros), possui um parque de campismo e praias fluviais (Rio Alva) classificado com duas estrelas dispondo de hotel, apartamentos, campismo, restaurante, entre outros. Tamb\u00e9m existem na freguesia habita\u00e7\u00f5es para turismo rural. \u00c9 ainda poss\u00edvel visitar grutas naturais, como as grutas do Penedo da Moura. Na zona entre S\u00e3o Gi\u00e3o e o lugar da Carvalha, fica situado o Radiotelesc\u00f3pio de S\u00e3o Gi\u00e3o; com 9,3 metros de di\u00e2metro, \u00e9 actualmente o maior radiotelesc\u00f3pio privado de Portugal continental e \u00e9 utilizado para fins educativos e pesquisas astron\u00f3micas.<\/div>\n<div dir=\"auto\">\u00c9 representado musicalmente pela Escola de M\u00fasica da Banda Filarm\u00f3nica Sangianense, com mais de 150 anos de hist\u00f3ria, tendo possu\u00eddo, igualmente, um rancho folcl\u00f3rico e um grupo desportivo.<\/div>\n<div dir=\"auto\">E mais:<\/div>\n<div dir=\"auto\">Igreja Matriz de S\u00e3o Gi\u00e3o (tamb\u00e9m denominada por Catedral das Beiras)<\/div>\n<div dir=\"auto\">Ponte em arco de estilo Romano no interior da localidade e ponte de arco triplo de acesso \u00e0 localidade (Estrada Municipal M515), sobre o Rio Alva;<\/div>\n<div dir=\"auto\">Cruzeiro do Calv\u00e1rio (1878);<\/div>\n<div dir=\"auto\">Solares (como o Solar dos Viscondes de Valongo, 1737, Solar Gerty Tom\u00e1s da Costa, S\u00e9c. XVIII, e o Solar das Massas, destru\u00eddo por inc\u00eandio em Outubro de 2017);<\/div>\n<div dir=\"auto\">Capela do Senhor dos Aflitos (1853);<\/div>\n<div dir=\"auto\">Capela da Senhora da Cria\u00e7\u00e3o (S\u00e9c. XVII);<\/div>\n<div dir=\"auto\">Capela de S\u00e3o Sebasti\u00e3o (S\u00e9c. XVI);<\/div>\n<div dir=\"auto\">Capela de Santo Estev\u00e3o, no Rio de Mel;<\/div>\n<div dir=\"auto\">Capela da Nossa Senhora dos Rem\u00e9dios, no Rio de Mel;<\/div>\n<div dir=\"auto\">Capela da Nossa Senhora do Livramento, no Rio de Mel;<\/div>\n<div dir=\"auto\">Capela da Nossa Senhora da F\u00e9, Rio de Mel;<\/div>\n<div dir=\"auto\">Capela da Nossa Senhora das Febres, no Parceiro;<\/div>\n<div dir=\"auto\">Capela de S\u00e3o Caetano, no Parceiro;<\/div>\n<div dir=\"auto\">Esta freguesia \u00e9 composta por v\u00e1rias localidades, nomeadamente:<\/div>\n<div dir=\"auto\">Alentejo<\/div>\n<div dir=\"auto\">Barroca<\/div>\n<div dir=\"auto\">Cov\u00e3o<\/div>\n<div dir=\"auto\">Ch\u00e3<\/div>\n<div dir=\"auto\">Mosteiro (parcialmente)<\/div>\n<div dir=\"auto\">Parceiro<\/div>\n<div dir=\"auto\">Rio de Mel<\/div>\n<div dir=\"auto\">S\u00e3o Gi\u00e3o<\/div>\n<div dir=\"auto\">Embora tenha feito um resumo de todas as potencialidades de S. Gi\u00e3o, espero ter despertado o interesse para uma visita a esta bela localidade do nosso concelho. Um rinc\u00e3o da Beira, imerso em beleza, onde a tranquilidade impera!<\/div>\n<\/div>\n<div class=\"o9v6fnle cxmmr5t8 oygrvhab hcukyx3x c1et5uql ii04i59q\">\n<div dir=\"auto\"><\/div>\n<div dir=\"auto\">Lucinda Maria (pesquisa e imagens de Google, consulta do livro do Dr. Francisco Correia das Neves)<\/div>\n<\/div>\n","protected":false},"excerpt":{"rendered":"<p>Publicado por\u00a0Lucinda Maria Brito em 07\/12\/2020, \u00e0s 16:28 horas in: https:\/\/www.facebook.com\/lucindamaria.brito\/posts\/3303126536476980 S\u00c3O GI\u00c3O &#8211; TOP\u00d3NIMO S\u00e3o Gi\u00e3o \u00e9 uma freguesia portuguesa do concelho de Oliveira do Hospital e do distrito de Coimbra. Foi curato de apresenta\u00e7\u00e3o do comentador de S. Tom\u00e9 de Penalva, tendo pertencido \u00e0 vila de Penalva de Alva. Pertenceu ao concelho de [&hellip;]<\/p>\n","protected":false},"author":1,"featured_media":0,"parent":0,"menu_order":0,"comment_status":"closed","ping_status":"closed","template":"","meta":{"footnotes":""},"_links":{"self":[{"href":"https:\/\/srlsampaense.com\/index.php\/wp-json\/wp\/v2\/pages\/2345"}],"collection":[{"href":"https:\/\/srlsampaense.com\/index.php\/wp-json\/wp\/v2\/pages"}],"about":[{"href":"https:\/\/srlsampaense.com\/index.php\/wp-json\/wp\/v2\/types\/page"}],"author":[{"embeddable":true,"href":"https:\/\/srlsampaense.com\/index.php\/wp-json\/wp\/v2\/users\/1"}],"replies":[{"embeddable":true,"href":"https:\/\/srlsampaense.com\/index.php\/wp-json\/wp\/v2\/comments?post=2345"}],"version-history":[{"count":1,"href":"https:\/\/srlsampaense.com\/index.php\/wp-json\/wp\/v2\/pages\/2345\/revisions"}],"predecessor-version":[{"id":2347,"href":"https:\/\/srlsampaense.com\/index.php\/wp-json\/wp\/v2\/pages\/2345\/revisions\/2347"}],"wp:attachment":[{"href":"https:\/\/srlsampaense.com\/index.php\/wp-json\/wp\/v2\/media?parent=2345"}],"curies":[{"name":"wp","href":"https:\/\/api.w.org\/{rel}","templated":true}]}}