{"id":2311,"date":"2020-11-04T19:27:28","date_gmt":"2020-11-04T18:27:28","guid":{"rendered":"http:\/\/srlsampaense.com\/?page_id=2311"},"modified":"2020-11-04T19:27:57","modified_gmt":"2020-11-04T18:27:57","slug":"2311-2","status":"publish","type":"page","link":"https:\/\/srlsampaense.com\/index.php\/2311-2\/","title":{"rendered":"Seixo da Beira &#8211; Top\u00f3nimo"},"content":{"rendered":"<p>Publicado por <strong>Lucinda Maria Brito<\/strong> em 14\/09\/2020, \u00e0s 19:24 horas in: <a href=\"https:\/\/www.facebook.com\/lucindamaria.brito\/posts\/3215029511953350\" target=\"_blank\" rel=\"noopener noreferrer\">https:\/\/www.facebook.com\/lucindamaria.brito\/posts\/3215029511953350<\/a><\/p>\n<hr \/>\n<div class=\"rq0escxv l9j0dhe7 du4w35lb qmfd67dx hpfvmrgz gile2uim buofh1pr g5gj957u aov4n071 oi9244e8 bi6gxh9e h676nmdw aghb5jc5\">\n<div data-pagelet=\"GroupFeed\">\n<div role=\"feed\">\n<div class=\"du4w35lb k4urcfbm l9j0dhe7 sjgh65i0\">\n<div class=\"du4w35lb l9j0dhe7\">\n<div class=\"\">\n<div class=\"\">\n<div class=\"lzcic4wl\" role=\"article\" aria-posinset=\"1\" aria-describedby=\"jsc_c_1ub jsc_c_1uc jsc_c_1ud jsc_c_1uf jsc_c_1ue\" aria-labelledby=\"jsc_c_1ua\">\n<div class=\"j83agx80 cbu4d94t\">\n<div class=\"rq0escxv l9j0dhe7 du4w35lb\">\n<div class=\"j83agx80 l9j0dhe7 k4urcfbm\">\n<div class=\"rq0escxv l9j0dhe7 du4w35lb hybvsw6c ue3kfks5 pw54ja7n uo3d90p7 l82x9zwi ni8dbmo4 stjgntxs k4urcfbm sbcfpzgs\">\n<div class=\"qbxu24ho bxzzcbxg lxuwth05 h2mp5456 ue3kfks5 pw54ja7n uo3d90p7 l82x9zwi goun2846 ccm00jje s44p3ltw mk2mc5f4 frvqaej8 ed0hlay0 afxsp9o4 jcgfde61 tvfksri0 ozuftl9m\">\n<div class=\"\">\n<div class=\"hqeojc4l\">\n<div class=\"\" dir=\"auto\">\n<div class=\"\" dir=\"auto\">\n<div class=\"ecm0bbzt hv4rvrfc ihqw7lf3 dati1w0a\" data-ad-comet-preview=\"message\" data-ad-preview=\"message\">\n<div class=\"j83agx80 cbu4d94t ew0dbk1b irj2b8pg\">\n<div class=\"qzhwtbm6 knvmm38d\">\n<div class=\"kvgmc6g5 cxmmr5t8 oygrvhab hcukyx3x c1et5uql ii04i59q\">\n<div dir=\"auto\">SEIXO DA BEIRA \u2013 TOP\u00d3NIMO<\/div>\n<\/div>\n<div class=\"o9v6fnle cxmmr5t8 oygrvhab hcukyx3x c1et5uql ii04i59q\">\n<div dir=\"auto\">Vila bonita do norte do concelho de Oliveira do Hospital, habitada desde tempos long\u00ednquos, como o atestam os v\u00e1rios monumentos do per\u00edodo neol\u00edtico. \u00c0 beirinha do Mondego, deslumbramos a vista nas suas lindas paisagens naturais.<\/div>\n<div dir=\"auto\">Tendo possu\u00eddo estatuto municipal, perdeu a qualidade de concelho quando foi integrado no de Ervedal por Decreto de 6 de Novembro de 1836. Chamava-se ent\u00e3o Seixo do Ervedal. Com a extin\u00e7\u00e3o do concelho de Ervedal, em 24 de Outubro de 1855, transitaram ambos para o concelho de Oliveira do Hospital, cuja situa\u00e7\u00e3o hoje se mant\u00e9m.<\/div>\n<div dir=\"auto\">Pelo decreto n\u00ba 15005 de 7 de Fevereiro de 1928, a povoa\u00e7\u00e3o de Seixo do Ervedal foi elevada \u00e0 categoria de vila, passando a denominar-se, tal como a respectiva freguesia, Seixo da Beira.<\/div>\n<div dir=\"auto\">A freguesia \u00e9 constitu\u00edda pelas povoa\u00e7\u00f5es de: Aldeia Formosa, Felgueira Velha, Pedras Ruivas, P\u00f3voa da Barbeira, Seixas, Seixo da Beira, Sobreda e Vale Torto.<\/div>\n<div dir=\"auto\">E o top\u00f3nimo? Seixo e Seixas est\u00e3o ligados \u00e0 geologia da zona. Seixo derivado do latim saxum, \u00e9 uma pedra de pequenas dimens\u00f5es, lisa e dura. Nas Inquiri\u00e7\u00f5es de 1258 aparece grafado Saxo e no Cadastro da Beira de 1527, concelho do Sexo (leia-se: Secho). Sendo toda aquela regi\u00e3o formada por rochas gran\u00edticas, grandes penedias, afloramentos de quartzo, explora\u00e7\u00e3o de cassiterite em Sobreda\u2026 \u00e9 mais do que natural a origem do top\u00f3nimo.<\/div>\n<div dir=\"auto\">Da Beira, f\u00e1cil: fica nesta prov\u00edncia.<\/div>\n<div dir=\"auto\">A t\u00edtulo de curiosidade, vou falar tamb\u00e9m em Aldeia Formosa. Antes, chamava-se Aldeia de Punhete. Claro que n\u00e3o era um nome agrad\u00e1vel, pela analogia que origina. Ent\u00e3o, mudou-se o nome, aludindo \u00e0 beleza e formosura da terra.<\/div>\n<div dir=\"auto\">Voltando a Seixo da Beira. \u00c9 uma terra com v\u00e1rios pontos de interesse e que merece uma visita. N\u00e3o posso deixar de falar no narciso do Mondego, esp\u00e9cie vegetal silvestre e aut\u00f3ctone. Floresce na Primavera, por entre o mato rasteiro, meio escondido e est\u00e1 em vias de extin\u00e7\u00e3o. Que se saiba, ainda se vai desenvolvendo em tr\u00eas freguesias dos vales do Mondego, Seia e Cobral: Seixo da Beira (Oliveira do Hospital), Travancinha (Seia) e Fiais da Telha (Carregal do Sal). As infloresc\u00eancias s\u00e3o delicadas, amarelas e de aroma agrad\u00e1vel.<\/div>\n<div dir=\"auto\">Al\u00e9m disso, tem um vasto patrim\u00f3nio arqueol\u00f3gico e arquitect\u00f3nico, a saber:<\/div>\n<div dir=\"auto\">Pelourinho de Seixo da Beira (de constru\u00e7\u00e3o posterior ao foral manuelino)<\/div>\n<div dir=\"auto\">Igreja Paroquial (do s\u00e9c. XVI, o orago \u00e9 S. Pedro)<\/div>\n<div dir=\"auto\">Anta de Curral dos Mouros (anta da Sobreda)<\/div>\n<div dir=\"auto\">Anta de Arca\u00ednha tamb\u00e9m conhecida por D\u00f3lmen do Seixo da Beira<\/div>\n<div dir=\"auto\">Cruzeiro<\/div>\n<div dir=\"auto\">Capelas de S\u00e3o Sebasti\u00e3o, S\u00e3o Jo\u00e3o Baptista e Senhora da Estrela<\/div>\n<div dir=\"auto\">Baloi\u00e7o panor\u00e2mico (constru\u00eddo em 2020 por iniciativa do Grupo Aventura Duas Antas e donde se avista o Mondego)<\/div>\n<\/div>\n<div class=\"o9v6fnle cxmmr5t8 oygrvhab hcukyx3x c1et5uql ii04i59q\">\n<div dir=\"auto\">Lucinda Maria<\/div>\n<\/div>\n<\/div>\n<\/div>\n<\/div>\n<\/div>\n<\/div>\n<\/div>\n<\/div>\n<\/div>\n<\/div>\n<\/div>\n<\/div>\n<\/div>\n<\/div>\n<\/div>\n<\/div>\n<\/div>\n<\/div>\n<\/div>\n<\/div>\n<\/div>\n","protected":false},"excerpt":{"rendered":"<p>Publicado por Lucinda Maria Brito em 14\/09\/2020, \u00e0s 19:24 horas in: https:\/\/www.facebook.com\/lucindamaria.brito\/posts\/3215029511953350 SEIXO DA BEIRA \u2013 TOP\u00d3NIMO Vila bonita do norte do concelho de Oliveira do Hospital, habitada desde tempos long\u00ednquos, como o atestam os v\u00e1rios monumentos do per\u00edodo neol\u00edtico. \u00c0 beirinha do Mondego, deslumbramos a vista nas suas lindas paisagens naturais. Tendo possu\u00eddo estatuto [&hellip;]<\/p>\n","protected":false},"author":1,"featured_media":0,"parent":0,"menu_order":0,"comment_status":"closed","ping_status":"closed","template":"","meta":{"footnotes":""},"_links":{"self":[{"href":"https:\/\/srlsampaense.com\/index.php\/wp-json\/wp\/v2\/pages\/2311"}],"collection":[{"href":"https:\/\/srlsampaense.com\/index.php\/wp-json\/wp\/v2\/pages"}],"about":[{"href":"https:\/\/srlsampaense.com\/index.php\/wp-json\/wp\/v2\/types\/page"}],"author":[{"embeddable":true,"href":"https:\/\/srlsampaense.com\/index.php\/wp-json\/wp\/v2\/users\/1"}],"replies":[{"embeddable":true,"href":"https:\/\/srlsampaense.com\/index.php\/wp-json\/wp\/v2\/comments?post=2311"}],"version-history":[{"count":2,"href":"https:\/\/srlsampaense.com\/index.php\/wp-json\/wp\/v2\/pages\/2311\/revisions"}],"predecessor-version":[{"id":2314,"href":"https:\/\/srlsampaense.com\/index.php\/wp-json\/wp\/v2\/pages\/2311\/revisions\/2314"}],"wp:attachment":[{"href":"https:\/\/srlsampaense.com\/index.php\/wp-json\/wp\/v2\/media?parent=2311"}],"curies":[{"name":"wp","href":"https:\/\/api.w.org\/{rel}","templated":true}]}}