{"id":2301,"date":"2020-10-28T10:33:54","date_gmt":"2020-10-28T09:33:54","guid":{"rendered":"http:\/\/srlsampaense.com\/?page_id=2301"},"modified":"2020-10-28T10:33:54","modified_gmt":"2020-10-28T09:33:54","slug":"oliveira-do-hospital-historia","status":"publish","type":"page","link":"https:\/\/srlsampaense.com\/index.php\/oliveira-do-hospital-historia\/","title":{"rendered":"Oliveira do Hospital (hist\u00f3ria)"},"content":{"rendered":"<p><strong>ANTECENDENTES DA TOPONIMIA<\/strong><br \/>\n(in:\u00a0<a href=\"https:\/\/lusophia.wordpress.com\/2016\/11\/17\/lagos-da-beira-e-a-familia-carvalho-monteiro-por-vitor-manuel-adriao\/\">https:\/\/lusophia.wordpress.com\/2016\/11\/17\/lagos-da-beira-e-a-familia-carvalho-monteiro-por-vitor-manuel-adriao\/<\/a>)<\/p>\n<p>Conhecida por Ordem Soberana de Malta, nunca deixando de exercer a voca\u00e7\u00e3o hospitalar de socorro aos carecidos e doentes como virtude cardeal de caridade ou amor que foi o motivo da sua funda\u00e7\u00e3o em 1099, quando alguns crist\u00e3os mercadores de Amalfi fundaram em Jerusal\u00e9m, sob a Regra de S. Bento e com a indica\u00e7\u00e3o de Santa Maria Latina, uma casa religiosa para recolha de peregrinos.<\/p>\n<p>Anos depois constru\u00edram junto dela um hospital que recebeu de Godofredo de Bouillon doa\u00e7\u00f5es que lhe asseguraram a exist\u00eancia, desligando-se da igreja de Santa Maria e passando a formar congrega\u00e7\u00e3o especial sob o Orago de S\u00e3o Jo\u00e3o Baptista. Em 1113, o Papa Pascoal II reconheceu-a Ordem de S\u00e3o Jo\u00e3o do Hospital e deu-lhe Regra pr\u00f3pria. Em 1120, o cavaleiro franc\u00eas Raimundo de Puy, nomeado Mestre Geral, acrescentou ao cuidado com os doentes o servi\u00e7o militar<a href=\"https:\/\/lusophia.wordpress.com\/2016\/11\/17\/lagos-da-beira-e-a-familia-carvalho-monteiro-por-vitor-manuel-adriao\/#_ftn3\" name=\"_ftnref3\">[7]<\/a>.<\/p>\n<p>Em Portugal, a Ordem do Hospital manteve-se independente. N\u00e3o recebeu os bens da Ordem dos Templ\u00e1rios como pretendia o papa Clemente V, que habilmente o rei D. Dinis fez transferir para a Ordem de Cristo ent\u00e3o criada (1319).<\/p>\n<p>Tamb\u00e9m n\u00e3o foi incorporada na Coroa em 1551 com as Ordens de Avis, de Cristo e de Santiago, apesar da dignidade de Prior do Crato ser atribu\u00edda aos Infantes D. Lu\u00eds, filho de D. Manuel I, e mais tarde a seu filho D. Ant\u00f3nio, mantendo assim o car\u00e1cter singular e o ep\u00edteto de \u201cSoberana\u201d que lhe foi atribu\u00eddo quando passou a designar-se de Malta<a href=\"https:\/\/lusophia.wordpress.com\/2016\/11\/17\/lagos-da-beira-e-a-familia-carvalho-monteiro-por-vitor-manuel-adriao\/#_ftn1\" name=\"_ftnref1\">[8]<\/a>.<\/p>\n<div id=\"attachment_1652\" style=\"width: 195px\" class=\"wp-caption alignright\"><img aria-describedby=\"caption-attachment-1652\" decoding=\"async\" loading=\"lazy\" class=\"wp-image-1652\" src=\"http:\/\/srlsampaense.com\/wp-content\/uploads\/2018\/06\/brasa\u00f5-OHP.jpg\" alt=\"\" width=\"185\" height=\"233\" srcset=\"https:\/\/srlsampaense.com\/wp-content\/uploads\/2018\/06\/brasa\u00f5-OHP.jpg 500w, https:\/\/srlsampaense.com\/wp-content\/uploads\/2018\/06\/brasa\u00f5-OHP-238x300.jpg 238w\" sizes=\"(max-width: 185px) 100vw, 185px\" \/><p id=\"caption-attachment-1652\" class=\"wp-caption-text\">Antigo Bras\u00e3o de Armas de Oliveira do Hospital<\/p><\/div>\n<p>Isso significa que a Comenda de Oliveira do Hospital e a Fazenda de Lagos da Beira mantiveram-se sempre na posse dos cavaleiros hospital\u00e1rios at\u00e9 praticamente 1834. Por este motivo, ainda em 1910 a Cruz de Malta figurava no Bras\u00e3o de Armas na fachada do Pa\u00e7o do Concelho de Oliveira do Hospital, como descreve o dr. Ant\u00f3nio de Vasconcelos num precioso e raro estudo<a href=\"https:\/\/lusophia.wordpress.com\/2016\/11\/17\/lagos-da-beira-e-a-familia-carvalho-monteiro-por-vitor-manuel-adriao\/#_ftn2\" name=\"_ftnref2\">[9]<\/a>.<\/p>\n<p>Um dos santos car\u00edssimos aos hospital\u00e1rios foi\u00a0<em>S\u00e3o Paio<\/em>\u00a0(Pelaio, Pel\u00e1gio), e sob a sua evoca\u00e7\u00e3o formaram o\u00a0<em>Pel\u00e1gio<\/em>, aparentemente destinado a socorrer os peregrinos crist\u00e3os que iam e vinham de Santiago de Compostela venerar o t\u00famulo do Ap\u00f3stolo, motivo porque S\u00e3o Paio \u00e9 celebrado no dia imediato ao de S\u00e3o Tiago Maior, ou seja, 26 de Junho.<\/p>\n<p>A par disso, dedicavam-se \u00e0 guerra ao Isl\u00e3o \u2013 cuja resist\u00eancia e ofensiva foi iniciada por Pelaio (718-733), fundador do Reino das Ast\u00farias \u2013 abrindo caminho \u00e0 Reconquista e \u00e0 cristianiza\u00e7\u00e3o das vias celto-romanas tendo in\u00edcio ou fim na mesma cidade capital da Galiza<a href=\"https:\/\/lusophia.wordpress.com\/2016\/11\/17\/lagos-da-beira-e-a-familia-carvalho-monteiro-por-vitor-manuel-adriao\/#_ftn1\" name=\"_ftnref1\">[10]<\/a>.<br \/>\nPor outro lado, o\u00a0<em>Pel\u00e1gio<\/em>\u00a0apresentava igualmente um aspecto cultural e inclusive herm\u00e9tico onde os saberes gn\u00f3stico, cabal\u00edstico e alqu\u00edmico das tr\u00eas grandes religi\u00f5es do Livro (judaica, crist\u00e3 e isl\u00e2mica) comungavam juntas da mesma demanda de realiza\u00e7\u00e3o espiritual, independente das conting\u00eancias temporais da geopol\u00edtica da \u00e9poca, motivo do\u00a0<em>Pel\u00e1gio<\/em>\u00a0ser igualmente sin\u00f3nimo de pressuposta exist\u00eancia de uma Ordem Inici\u00e1tica fechada ou secreta porventura na primazia da assist\u00eancia \u00e0 g\u00e9nese hist\u00f3rica e ao percurso evolutivo da Nacionalidade, desde a primeira hora posta sob a advoca\u00e7\u00e3o da Virgem Sant\u00edssima.<\/p>\n<p>Deste\u00a0<em>Pel\u00e1gio<\/em>\u00a0ter\u00e1 participado o cult\u00edssimo Ant\u00f3nio Augusto Carvalho Monteiro, ao observar-se a sua inclina\u00e7\u00e3o para a simbologia herm\u00e9tica em que n\u00e3o foi avaro na decora\u00e7\u00e3o dos im\u00f3veis que foram seus. Possivelmente os seus antecedentes beir\u00f5es, particularmente o seu pai, igualmente n\u00e3o seriam alheios ao\u00a0<em>Pel\u00e1gio<\/em>\u00a0espiritual que, a par do temporal, deu nome a fam\u00edlia portuguesa ligada aos Lusignan nacionais (<em>Sampaio de Luzignano<\/em>) e assim tamb\u00e9m ficou como top\u00f3nimo de v\u00e1rias localidades vizinhas de Lagos da Beira: S\u00e3o Paio de Grama\u00e7os, S\u00e3o Paio do Mondego, S\u00e3o Paio de Gouveia<a href=\"https:\/\/lusophia.wordpress.com\/2016\/11\/17\/lagos-da-beira-e-a-familia-carvalho-monteiro-por-vitor-manuel-adriao\/#_ftn2\" name=\"_ftnref2\">[11]<\/a>.<\/p>\n","protected":false},"excerpt":{"rendered":"<p>ANTECENDENTES DA TOPONIMIA (in:\u00a0https:\/\/lusophia.wordpress.com\/2016\/11\/17\/lagos-da-beira-e-a-familia-carvalho-monteiro-por-vitor-manuel-adriao\/) Conhecida por Ordem Soberana de Malta, nunca deixando de exercer a voca\u00e7\u00e3o hospitalar de socorro aos carecidos e doentes como virtude cardeal de caridade ou amor que foi o motivo da sua funda\u00e7\u00e3o em 1099, quando alguns crist\u00e3os mercadores de Amalfi fundaram em Jerusal\u00e9m, sob a Regra de S. Bento e [&hellip;]<\/p>\n","protected":false},"author":1,"featured_media":0,"parent":0,"menu_order":0,"comment_status":"closed","ping_status":"closed","template":"","meta":{"footnotes":""},"_links":{"self":[{"href":"https:\/\/srlsampaense.com\/index.php\/wp-json\/wp\/v2\/pages\/2301"}],"collection":[{"href":"https:\/\/srlsampaense.com\/index.php\/wp-json\/wp\/v2\/pages"}],"about":[{"href":"https:\/\/srlsampaense.com\/index.php\/wp-json\/wp\/v2\/types\/page"}],"author":[{"embeddable":true,"href":"https:\/\/srlsampaense.com\/index.php\/wp-json\/wp\/v2\/users\/1"}],"replies":[{"embeddable":true,"href":"https:\/\/srlsampaense.com\/index.php\/wp-json\/wp\/v2\/comments?post=2301"}],"version-history":[{"count":1,"href":"https:\/\/srlsampaense.com\/index.php\/wp-json\/wp\/v2\/pages\/2301\/revisions"}],"predecessor-version":[{"id":2303,"href":"https:\/\/srlsampaense.com\/index.php\/wp-json\/wp\/v2\/pages\/2301\/revisions\/2303"}],"wp:attachment":[{"href":"https:\/\/srlsampaense.com\/index.php\/wp-json\/wp\/v2\/media?parent=2301"}],"curies":[{"name":"wp","href":"https:\/\/api.w.org\/{rel}","templated":true}]}}