{"id":2276,"date":"2020-10-27T17:07:00","date_gmt":"2020-10-27T16:07:00","guid":{"rendered":"http:\/\/srlsampaense.com\/?page_id=2276"},"modified":"2020-10-27T19:05:44","modified_gmt":"2020-10-27T18:05:44","slug":"meruge-toponimo","status":"publish","type":"page","link":"https:\/\/srlsampaense.com\/index.php\/meruge-toponimo\/","title":{"rendered":"Meruge &#8211; top\u00f3nimo"},"content":{"rendered":"<p>Publicado por <strong>Lucinda Maria Brito<\/strong> em 15\/02\/2014, \u00e0s 14:48 horas in: <a href=\"https:\/\/www.facebook.com\/lucindamaria.brito\/posts\/459871720802490\" target=\"_blank\" rel=\"noopener noreferrer\">https:\/\/www.facebook.com\/lucindamaria.brito\/posts\/459871720802490<\/a><\/p>\n<hr \/>\n<p>MERUGE<\/p>\n<p>Situada a cerca de 10 quil\u00f3metros da sede do Concelho, Oliveira do Hospital, a freguesia de Meruge \u00e9 banhada pela ribeira do Cobral, sub-afluente do rio Mondego.<br \/>A Igreja Paroquial tem como orago S. Miguel, embora na freguesia se realizem outras romarias como \u00e9 o caso da festa em honra de Nossa Senhora da Concei\u00e7\u00e3o, em Setembro, a romaria dedicada a Nossa Senhora do Ros\u00e1rio, em Nogueirinha e a festa dedicada a S. Bartolomeu.<\/p>\n<p>Meruge \u00e9 um top\u00f3nimo que teve origem no portugu\u00eas antigo \u201cmorujo\u201d, mouragem, designando actualmente a morugem, erva coriofil\u00e1cea (do tipo cravo), comum em Portugal.<\/p>\n<p>A vila foi um priorado da apresenta\u00e7\u00e3o dos antepassados dos condes de Melo e pertenceu ao Concelho de Seia at\u00e9 1837, ano em que transitou para o de Oliveira do Hospital.<\/p>\n<p>A n\u00edvel econ\u00f3mico, a freguesia de Meruge distingue-se das terras vizinhas pela sua forte tradi\u00e7\u00e3o no com\u00e9rcio de levante de panos, roupas e carne de porco, pelo fabrico de objectos de ferro, pelas oficinas de \u201cmestres\u201d alfaiates e sapateiros, todos eles contribuindo para o seu progresso e afirma\u00e7\u00e3o regional. Actualmente, novas componentes se incorporam nesta din\u00e2mica, como sejam o turismo e o fabrico de queijo de ovelha e requeij\u00e3o.<\/p>\n<p>Ao n\u00edvel do associativismo a freguesia de Meruge destaca-se pela positiva no panorama do Concelho, pela actividade que desenvolvem a Associa\u00e7\u00e3o dos Amigos de Meruge, com sec\u00e7\u00e3o de Futebol Federado, Tuna e cantares e uma Sede social moderna e dotada de excelentes infraestruturas, o mesmo acontecendo com a Associa\u00e7\u00e3o do Centro Recreativo e Cultural Nossa Sra. do Ros\u00e1rio, de Nogueirinha.<\/p>\n<p>A par destas desenvolvem actividade destacada no associativismo juvenil, a Associa\u00e7\u00e3o dos Jovens da Freguesia de Meruge, associa\u00e7\u00e3o RNAJ, que apoia a Escola de M\u00fasica, o Grupo de Jovens de Nogueirinha. Entrou em funcionamento a Associa\u00e7\u00e3o para o Desenvolvimento Social e Cultural do Vale do Cobral em que se destaca a sua \u00e1rea de apoio social a jovens e idosos, reconhecida como IPSS e pessoa colectiva de utilidade p\u00fablica.<br \/>A Igreja Matriz, n\u00e3o muito antiga, situa-se sobre um enorme bat\u00f3lito, que \u00e9 chamado de Laje Grande, enorme bloco de granito, dos maiores da regi\u00e3o e n\u00e3o s\u00f3. Meruge possui ainda sepulturas antropom\u00f3rficas e uma casa, que j\u00e1 serviu para turismo de habita\u00e7\u00e3o: A Casa do B\u00f3co.<br \/>(Adaptado por L.M.)<\/p>\n\n\n<p><\/p>\n","protected":false},"excerpt":{"rendered":"<p>Publicado por Lucinda Maria Brito em 15\/02\/2014, \u00e0s 14:48 horas in: https:\/\/www.facebook.com\/lucindamaria.brito\/posts\/459871720802490 MERUGE Situada a cerca de 10 quil\u00f3metros da sede do Concelho, Oliveira do Hospital, a freguesia de Meruge \u00e9 banhada pela ribeira do Cobral, sub-afluente do rio Mondego.A Igreja Paroquial tem como orago S. Miguel, embora na freguesia se realizem outras romarias como [&hellip;]<\/p>\n","protected":false},"author":1,"featured_media":0,"parent":0,"menu_order":0,"comment_status":"closed","ping_status":"closed","template":"","meta":{"footnotes":""},"_links":{"self":[{"href":"https:\/\/srlsampaense.com\/index.php\/wp-json\/wp\/v2\/pages\/2276"}],"collection":[{"href":"https:\/\/srlsampaense.com\/index.php\/wp-json\/wp\/v2\/pages"}],"about":[{"href":"https:\/\/srlsampaense.com\/index.php\/wp-json\/wp\/v2\/types\/page"}],"author":[{"embeddable":true,"href":"https:\/\/srlsampaense.com\/index.php\/wp-json\/wp\/v2\/users\/1"}],"replies":[{"embeddable":true,"href":"https:\/\/srlsampaense.com\/index.php\/wp-json\/wp\/v2\/comments?post=2276"}],"version-history":[{"count":2,"href":"https:\/\/srlsampaense.com\/index.php\/wp-json\/wp\/v2\/pages\/2276\/revisions"}],"predecessor-version":[{"id":2295,"href":"https:\/\/srlsampaense.com\/index.php\/wp-json\/wp\/v2\/pages\/2276\/revisions\/2295"}],"wp:attachment":[{"href":"https:\/\/srlsampaense.com\/index.php\/wp-json\/wp\/v2\/media?parent=2276"}],"curies":[{"name":"wp","href":"https:\/\/api.w.org\/{rel}","templated":true}]}}