{"id":2266,"date":"2020-10-27T16:55:12","date_gmt":"2020-10-27T15:55:12","guid":{"rendered":"http:\/\/srlsampaense.com\/?page_id=2266"},"modified":"2020-10-27T19:10:03","modified_gmt":"2020-10-27T18:10:03","slug":"santa-ovaia-toponimo","status":"publish","type":"page","link":"https:\/\/srlsampaense.com\/index.php\/santa-ovaia-toponimo\/","title":{"rendered":"Santa Ovaia &#8211; top\u00f3nimo"},"content":{"rendered":"<p>Publicado por <strong>Lucinda Maria Brito<\/strong> em 17\/09\/2020, \u00e0s 16:41 horas in: <a href=\"https:\/\/www.facebook.com\/lucindamaria.brito\/posts\/3077957872327182\" target=\"_blank\" rel=\"noopener noreferrer\">https:\/\/www.facebook.com\/lucindamaria.brito\/posts\/3077957872327182<\/a><\/p>\n<hr \/>\n<p>SANTA OVAIA \u2013 TOP\u00d3NIMO<\/p>\n<p>Hoje, vou falar de um dos baluartes dos Verbos dos Arguinas: Santa Ovaia. Outras povoa\u00e7\u00f5es do concelho t\u00eam nome de Santo.<br \/>\nSanta Ovaia \u00e9 uma terra bastante antiga. J\u00e1 aparece referida numa carta de 1211, reinado de D. Afonso II e na de 1256, reinado de D. Afonso III, com o nome bastante parecido com o actual \u2013 Sancta Ouaya, Sanctam Ovaiyam e, mais tarde, Ovaija.<br \/>\nDe qualquer modo, Santa Ovaia (como Santa Olalha, Santa Vaya, Sancta Vaia e at\u00e9 outras) \u00e9 o mesmo que Santa Eul\u00e1lia, que, como top\u00f3nimo aparece j\u00e1 no ano 906 \u2013 do latim Eulalia, que, em grego, tem o sentido de \u201cque fala bem\u201d.<br \/>\nDe referir que Santa Eul\u00e1lia foi uma crian\u00e7a de M\u00e9rida, que foi sacrificada pelos Romanos aos 12 anos, por volta de 303-304 d. C.. Ela e outros ficaram conhecidos por m\u00e1rtires espanh\u00f3is.<br \/>\nJ\u00e1 foi freguesia sozinha; hoje faz parte da Uni\u00e3o de Freguesias de Santa Ovaia e Vila Pouca da Beira.<br \/>\nTerra de pedreiros e canteiros, deixou marcas da sua arte por todo o Pa\u00eds e n\u00e3o s\u00f3. Eram famosos pela per\u00edcia a trabalhar o granito, como documenta o pr\u00f3prio bras\u00e3o. Mas n\u00e3o s\u00f3\u2026 \u00e9 terra de arguinas, argalos ou argaus, que, juntamente com os da vizinha Nogueira do Cravo, inventaram uma g\u00edria ou cal\u00e3o, com car\u00e1cter dialectal e, assim, falavam entre si, sem que os entendessem. No m\u00ednimo, engenhoso e de grande valor!<br \/>\nDepois da candidatura \u00e0s 7 Maravilhas da Cultura Popular, \u00e9 preciso n\u00e3o esquecer e continuar a trabalhar para que este importante patrim\u00f3nio n\u00e3o se perca nas trevas da exist\u00eancia.<br \/>\nDe salientar tamb\u00e9m um Festival de Sopas, que costuma realizar-se anualmente.<br \/>\nPatrim\u00f3nio:<br \/>\nIgreja de Nossa Senhora da Expecta\u00e7\u00e3o (matriz)<br \/>\nCapela de Santo Ant\u00f3nio<br \/>\nCasas setecentista, dos Castro e dos Nunes Hall<br \/>\nCruzeiro<br \/>\nAlminhas<br \/>\nMiradouro dos Barreiros<br \/>\nGranito de Santa Ovaia<br \/>\nMonumento aos Arguinas da autoria de Eug\u00e9nio Macedo<\/p>\n<p>Lucinda Maria<\/p>\n","protected":false},"excerpt":{"rendered":"<p>Publicado por Lucinda Maria Brito em 17\/09\/2020, \u00e0s 16:41 horas in: https:\/\/www.facebook.com\/lucindamaria.brito\/posts\/3077957872327182 SANTA OVAIA \u2013 TOP\u00d3NIMO Hoje, vou falar de um dos baluartes dos Verbos dos Arguinas: Santa Ovaia. Outras povoa\u00e7\u00f5es do concelho t\u00eam nome de Santo. Santa Ovaia \u00e9 uma terra bastante antiga. J\u00e1 aparece referida numa carta de 1211, reinado de D. Afonso [&hellip;]<\/p>\n","protected":false},"author":1,"featured_media":0,"parent":0,"menu_order":0,"comment_status":"closed","ping_status":"closed","template":"","meta":{"footnotes":""},"_links":{"self":[{"href":"https:\/\/srlsampaense.com\/index.php\/wp-json\/wp\/v2\/pages\/2266"}],"collection":[{"href":"https:\/\/srlsampaense.com\/index.php\/wp-json\/wp\/v2\/pages"}],"about":[{"href":"https:\/\/srlsampaense.com\/index.php\/wp-json\/wp\/v2\/types\/page"}],"author":[{"embeddable":true,"href":"https:\/\/srlsampaense.com\/index.php\/wp-json\/wp\/v2\/users\/1"}],"replies":[{"embeddable":true,"href":"https:\/\/srlsampaense.com\/index.php\/wp-json\/wp\/v2\/comments?post=2266"}],"version-history":[{"count":2,"href":"https:\/\/srlsampaense.com\/index.php\/wp-json\/wp\/v2\/pages\/2266\/revisions"}],"predecessor-version":[{"id":2297,"href":"https:\/\/srlsampaense.com\/index.php\/wp-json\/wp\/v2\/pages\/2266\/revisions\/2297"}],"wp:attachment":[{"href":"https:\/\/srlsampaense.com\/index.php\/wp-json\/wp\/v2\/media?parent=2266"}],"curies":[{"name":"wp","href":"https:\/\/api.w.org\/{rel}","templated":true}]}}