{"id":2179,"date":"2020-10-26T16:11:58","date_gmt":"2020-10-26T15:11:58","guid":{"rendered":"http:\/\/srlsampaense.com\/?page_id=2179"},"modified":"2021-03-06T22:04:00","modified_gmt":"2021-03-06T21:04:00","slug":"toponimos-de-localidades","status":"publish","type":"page","link":"https:\/\/srlsampaense.com\/index.php\/toponimos-de-localidades\/","title":{"rendered":"Top\u00f3nimos de localidades"},"content":{"rendered":"\n<p>Este separador integra diversas publica\u00e7\u00f5es realizados pela <strong><a rel=\"noreferrer noopener\" aria-label=\"Professora Lucinda Maria (abre num novo separador)\" href=\"https:\/\/www.facebook.com\/groups\/385980901544787\/user\/100003389985696\/\" target=\"_blank\">Professora Lucinda Maria<\/a><\/strong>,  como resultado das suas pesquisas, na p\u00e1gina do Facebook &#8220;<em><a rel=\"noreferrer noopener\" aria-label=\"Oliveira do Hospital . minha terra (abre num novo separador)\" href=\"https:\/\/www.facebook.com\/groups\/385980901544787\" target=\"_blank\">Oliveira do Hospital . minha terra<\/a><\/em>&#8220;.<br>As publica\u00e7\u00f5es foram realizadas na \u00edntegra, com autoriza\u00e7\u00e3o da autora, sendo reservado o direito de autoria de todas as publica\u00e7\u00f5es realizadas nos separadores seguinte sobre &#8220;Top\u00f3nimos&#8221; das diferentes localidades.<br><br>Refere a Professora Lucinda Maria: &#8220;(&#8230;) topon\u00edmia (do gregos \u03c4\u03cc\u03c0\u03bf\u03c2, &#8220;lugar&#8221;, e \u1f44\u03bd\u03bf\u03bc\u03b1, &#8220;nome&#8221;, significando, portanto, &#8220;nome de lugar&#8221;) \u00e9 a divis\u00e3o da onom\u00e1stica que estuda os nomes geogr\u00e1ficos ou top\u00f3nimos, ou seja, nomes pr\u00f3prios de lugares, da sua origem e evolu\u00e7\u00e3o; \u00e9 considerada uma parte da lingu\u00edstica, com fortes liga\u00e7\u00f5es com a hist\u00f3ria, arqueologia e a geografia. Muitas vezes, quando se desconhecem as verdadeiras origens do top\u00f3nimo, relaciona-se com lendas e hist\u00f3rias que v\u00e3o sendo contadas atrav\u00e9s dos tempos. &#8220;<\/p>\n\n\n<p style=\"text-align: center;\"><strong>Freguesias do Concelho de Oliveira do Hospital<\/strong><br \/>Atuais e antigas (que se agregaram em Uni\u00f5es de Freguesias), clique em cima do nome da localidade para v\u00ear<\/p>\n<ul>\n<li style=\"text-align: center;\"><strong><a href=\"http:\/\/srlsampaense.com\/index.php\/toponimo-aldeia-das-dez\/\">Aldeia da Dez<\/a><\/strong><\/li>\n<li style=\"text-align: center;\"><strong><a href=\"http:\/\/srlsampaense.com\/index.php\/alvoco-das-varzeas-toponimo\/\">Alvoco das V\u00e1rzeas<\/a><\/strong><\/li>\n<li style=\"text-align: center;\"><strong><a href=\"http:\/\/srlsampaense.com\/index.php\/toponimo-avo\/\">Av\u00f4<\/a><\/strong><\/li>\n<li style=\"text-align: center;\"><strong><a href=\"http:\/\/srlsampaense.com\/index.php\/bodadela-toponimo\/\">Bobadela<\/a><\/strong><\/li>\n<li style=\"text-align: center;\"><strong><a href=\"http:\/\/srlsampaense.com\/index.php\/ervedal-da-beira-toponimo\/\">Ervedal<\/a><\/strong><\/li>\n<li style=\"text-align: center;\"><strong><a href=\"http:\/\/srlsampaense.com\/index.php\/lagares-da-beira-toponimo\/\">Lagares da Beira<\/a><\/strong><\/li>\n<li style=\"text-align: center;\"><strong><a href=\"http:\/\/srlsampaense.com\/index.php\/lagos-da-beira-toponimo\/\">Lagos da Beira<\/a><\/strong><\/li>\n<li style=\"text-align: center;\"><strong><a href=\"http:\/\/srlsampaense.com\/index.php\/lajeosa-toponimo\/\">Lajeosa<\/a><\/strong><\/li>\n<li style=\"text-align: center;\"><strong><a href=\"http:\/\/srlsampaense.com\/index.php\/lourosa-toponimo\/\">Lourosa<\/a><\/strong><\/li>\n<li style=\"text-align: center;\"><strong><a href=\"http:\/\/srlsampaense.com\/index.php\/meruge-toponimo\/\">Meruge<\/a><\/strong><\/li>\n<li style=\"text-align: center;\"><strong><a href=\"http:\/\/srlsampaense.com\/index.php\/nogueira-do-cravo-toponimo\/\">Nogueira do Cravo<\/a><\/strong><\/li>\n<li style=\"text-align: center;\"><strong><a href=\"http:\/\/srlsampaense.com\/index.php\/toponimia-oliveira-do-hospital\/\">Oliveira do Hospital<\/a><\/strong><\/li>\n<li style=\"text-align: center;\"><strong><a href=\"http:\/\/srlsampaense.com\/index.php\/penalva-de-alva-toponimo\/\">Penalva de Alva<\/a><\/strong><\/li>\n<li style=\"text-align: center;\"><strong><a href=\"http:\/\/srlsampaense.com\/index.php\/santa-ovaia-toponimo\/\">Santa Ovaia<\/a><\/strong><\/li>\n<li style=\"text-align: center;\"><strong><a href=\"http:\/\/srlsampaense.com\/index.php\/sao-giao-toponimo\/\">S\u00e3o Gi\u00e3o<\/a><\/strong><\/li>\n<li style=\"text-align: center;\"><strong><a href=\"http:\/\/srlsampaense.com\/index.php\/sao-paio-de-gramacos-toponimo\/\">S\u00e3o Paio de Grama\u00e7os<\/a><\/strong><\/li>\n<li style=\"text-align: center;\"><strong><a href=\"http:\/\/srlsampaense.com\/index.php\/sao-sebastiao-da-feira-toponimo\/\">S\u00e3o Sebasti\u00e3o da Feira<\/a><\/strong><\/li>\n<li style=\"text-align: center;\"><strong><a href=\"http:\/\/srlsampaense.com\/index.php\/2311-2\/\">Sexo da Beira<\/a><\/strong><\/li>\n<li style=\"text-align: center;\"><strong><a href=\"http:\/\/srlsampaense.com\/index.php\/travanca-de-lagos-toponimo\/\">Travanca de Lagos<\/a><\/strong><\/li>\n<li style=\"text-align: center;\"><strong><a href=\"http:\/\/srlsampaense.com\/index.php\/vila-franca-da-beira-toponimo\/\">Vila Franca da Beira<\/a><\/strong><\/li>\n<li style=\"text-align: center;\"><a href=\"http:\/\/srlsampaense.com\/index.php\/vila-pouca-da-beira-toponimo\/\"><strong>Vila Pouca da Beira<\/strong><\/a><\/li>\n<\/ul>","protected":false},"excerpt":{"rendered":"<p>Este separador integra diversas publica\u00e7\u00f5es realizados pela Professora Lucinda Maria, como resultado das suas pesquisas, na p\u00e1gina do Facebook &#8220;Oliveira do Hospital . minha terra&#8220;.As publica\u00e7\u00f5es foram realizadas na \u00edntegra, com autoriza\u00e7\u00e3o da autora, sendo reservado o direito de autoria de todas as publica\u00e7\u00f5es realizadas nos separadores seguinte sobre &#8220;Top\u00f3nimos&#8221; das diferentes localidades. Refere a [&hellip;]<\/p>\n","protected":false},"author":1,"featured_media":0,"parent":0,"menu_order":0,"comment_status":"closed","ping_status":"closed","template":"","meta":{"footnotes":""},"_links":{"self":[{"href":"https:\/\/srlsampaense.com\/index.php\/wp-json\/wp\/v2\/pages\/2179"}],"collection":[{"href":"https:\/\/srlsampaense.com\/index.php\/wp-json\/wp\/v2\/pages"}],"about":[{"href":"https:\/\/srlsampaense.com\/index.php\/wp-json\/wp\/v2\/types\/page"}],"author":[{"embeddable":true,"href":"https:\/\/srlsampaense.com\/index.php\/wp-json\/wp\/v2\/users\/1"}],"replies":[{"embeddable":true,"href":"https:\/\/srlsampaense.com\/index.php\/wp-json\/wp\/v2\/comments?post=2179"}],"version-history":[{"count":17,"href":"https:\/\/srlsampaense.com\/index.php\/wp-json\/wp\/v2\/pages\/2179\/revisions"}],"predecessor-version":[{"id":2568,"href":"https:\/\/srlsampaense.com\/index.php\/wp-json\/wp\/v2\/pages\/2179\/revisions\/2568"}],"wp:attachment":[{"href":"https:\/\/srlsampaense.com\/index.php\/wp-json\/wp\/v2\/media?parent=2179"}],"curies":[{"name":"wp","href":"https:\/\/api.w.org\/{rel}","templated":true}]}}