{"id":2052,"date":"2020-09-11T13:47:59","date_gmt":"2020-09-11T12:47:59","guid":{"rendered":"http:\/\/srlsampaense.com\/?page_id=2052"},"modified":"2020-10-27T16:29:35","modified_gmt":"2020-10-27T15:29:35","slug":"toponimia-oliveira-do-hospital","status":"publish","type":"page","link":"https:\/\/srlsampaense.com\/index.php\/toponimia-oliveira-do-hospital\/","title":{"rendered":"Oliveira do Hospital &#8211; Top\u00f3nimo"},"content":{"rendered":"<p>Publicado por <strong>Lucinda Maria Brito<\/strong> em 10\/9\/2020 \u00e0s 15:11 horas, in: <a href=\"https:\/\/www.facebook.com\/groups\/385980901544787\/permalink\/1842936795849183\" target=\"_blank\" rel=\"noopener noreferrer\">https:\/\/www.facebook.com\/lucindamaria.brito\/posts\/3056895717766731<\/a><\/p>\n<hr \/>\n<p>OLIVEIRA DO HOSPITAL &#8211; TOP\u00d3NIMO<img decoding=\"async\" loading=\"lazy\" class=\"alignright\" src=\"https:\/\/www.heraldry-wiki.com\/heraldrywiki\/images\/c\/cb\/Oliveirah.gif\" alt=\"Arquivo: Oliveirah.gif\" width=\"153\" height=\"160\" \/><\/p>\n<p>Podia simplificar o mais poss\u00edvel a origem do nome da nossa terra. Dizer simplesmente que Oliveira vem de Ulv\u00e1ria \u2013 Ulveira e, por deriva\u00e7\u00e3o, ficou Oliveira. Dizer que Hospital vem da Ordem do Hospital, fundada em S. Jo\u00e3o de Jerusal\u00e9m. Podia ser, mas n\u00e3o.<br \/>\nQuero aprofundar um pouco mais. Pode ser? Quem ler, enriquecer\u00e1 os seus conhecimentos. Quem n\u00e3o ler, paci\u00eancia!<br \/>\nEnt\u00e3o, vamos come\u00e7ar pela primeira parte ou primeira palavra do top\u00f3nimo, precisamente Oliveira.<img decoding=\"async\" loading=\"lazy\" class=\"alignright\" src=\"http:\/\/srlsampaense.com\/wp-content\/uploads\/2020\/09\/Planta_OHP-4.jpg\" alt=\"Esta imagem tem um texto alternativo em branco, o nome da imagem \u00e9 Planta_OHP-4.jpg\" width=\"169\" height=\"253\" \/><br \/>\nTalvez se pense logo que este nome tem a ver com a \u00e1rvore que d\u00e1 a azeitona e que \u00e9 bastante abundante na nossa regi\u00e3o. O Sr. Dr. Francisco Correia das Neves diz e passo a citar: \u201c\u2026 Ulvaria e Ulveira s\u00e3o derivados de ulva ou de oliva (oliveira), mostrando-se esta segunda hip\u00f3tese mais atraente.\u201d<br \/>\nNo entanto, o grande sampaense Dr. Ant\u00f3nio Garcia Ribeiro de Vasconcelos entendeu sempre que o top\u00f3nimo Oliveira \u00e9 a adultera\u00e7\u00e3o de Ulveira, provindo de ulva, porque nesta terra abundavam ulvas. O que s\u00e3o? S\u00e3o algas, parecidas com as alfaces do mar, na sua maioria marinhas, mas que tamb\u00e9m se desenvolvem em terrenos pantanosos, \u00e1guas salobras e charcos. Portanto, tudo leva a crer que esta parte do top\u00f3nimo se refira a essas plantas. Assim: ulva \u2013 ulv\u00e1ria \u2013 ulveira \u2013 oliveira.<br \/>\nE Hospital? Claro que n\u00e3o tem nada a ver com o hospital da Funda\u00e7\u00e3o Aur\u00e9lio Amaro Diniz, inaugurado por volta de 1955. A nossa terra \u00e9 muito mais antiga.<br \/>\nEsta parte do top\u00f3nimo tem rela\u00e7\u00e3o com a Ordem dos Hospital\u00e1rios. Chamava-se assim, porque come\u00e7ou por ser um hospital fundado em S. Jo\u00e3o de Jerusal\u00e9m, onde se recolhiam e tratavam peregrinos que, nas jornadas \u00e0 Terra Santa eram muitas vezes atacados, feridos e abandonados. Claro que, nessa altura, as Ordens de frades eram, simultaneamente, religiosas e militares. Assim, ajudaram os reis crist\u00e3os nas lutas contra os mouros, <img decoding=\"async\" loading=\"lazy\" class=\"alignright\" src=\"http:\/\/srlsampaense.com\/wp-content\/uploads\/2020\/09\/D_Henrique.jpg\" width=\"239\" height=\"180\" \/>durante as cruzadas. Esses cavaleiros vinham de muitos lados, por exemplo da Fran\u00e7a. Aconteceu com os primos D. Henrique e D. Raimundo. Tendo ajudado D. Afonso VI de Le\u00e3o e Castela, foram recompensados. D. Raimundo casou com a filha leg\u00edtima do rei e foi-lhe dado para governar o reino de Le\u00e3o. D. Henrique casou com a filha ileg\u00edtima D. Teresa e foi-lhe dado o governo do Condado Portucalense, um territ\u00f3rio ao norte, mais ou menos entre os rios Minho e Douro, mais tarde at\u00e9 ao Mondego. Como sabemos, daqui nasceu o nome e o reino de Portugal (Portus Cale).<br \/>\nO conde D. Henrique e a condessa D. Teresa foram os pais de D. Afonso Henriques, nosso primeiro rei, nascido em 1109. Ainda muito novo quando o pai morreu (1112), foi D. Teresa quem ficou \u00e0 frente do condado.<br \/>\nFoi durante o tempo do seu governo, entre 1112 e 1128 (ano da batalha de S. Mamede, em que D. Afonso Henriques venceu as tropas da m\u00e3e e passou a governar o Condado), que ela fez uma grande doa\u00e7\u00e3o, ou concedeu uma Comenda \u00e0 Ordem do Hospital, precisamente nesta regi\u00e3o. Um imenso territ\u00f3rio que, segundo alguns historiadores, excederia as terras que hoje s\u00e3o do nosso concelho.<br \/>\nDa\u00ed o nome Ulveira de Espital, hoje Oliveira do Hospital.<img decoding=\"async\" class=\"alignright\" src=\"http:\/\/srlsampaense.com\/wp-content\/uploads\/2020\/09\/cavaleiroOHP.jpg\" \/><br \/>\nAlgumas curiosidades sobre a nossa terra: Como proveio de uma Comenda, n\u00e3o teve foral velho e muitas outras terras do concelho tiveram foral e pelourinho, muito antes. Ali\u00e1s, nem se sabe se ter\u00e1 tido pelourinho, porque o que se ostenta em frente do Pal\u00e1cio da Justi\u00e7a veio de Ervedal da Beira, em altura incerta. Ainda hoje h\u00e1 uma zona de Oliveira do Hospital a que se chama Comenda: todos aqueles lugares lim\u00edtrofes da Funda\u00e7\u00e3o Aur\u00e9lio Amaro Diniz, que, antes, eram s\u00f3 terrenos de cultivo. A sede da Ordem do Hospital seria no local onde se situa a Igreja Matriz e os Pa\u00e7os do Concelho. Como o s\u00edmbolo da Ordem era a Cruz de Malta (porque passou a chamar-se Ordem de Malta), aparece-nos este s\u00edmbolo em muitos lugares, principalmente na Igreja e nos Pa\u00e7os do Concelho. No seu bras\u00e3o, tamb\u00e9m a ostenta. \u00c9 a \u00fanica povoa\u00e7\u00e3o de Portugal que mant\u00e9m no top\u00f3nimo o nome da Ordem que lhe deu origem.<br \/>\nSomos hospitaleiros e hospital\u00e1rios!<br \/>\nLucinda Maria<\/p>\n<p><!-- \/wp:paragraph --><\/p>\n","protected":false},"excerpt":{"rendered":"<p>Publicado por Lucinda Maria Brito em 10\/9\/2020 \u00e0s 15:11 horas, in: https:\/\/www.facebook.com\/lucindamaria.brito\/posts\/3056895717766731 OLIVEIRA DO HOSPITAL &#8211; TOP\u00d3NIMO Podia simplificar o mais poss\u00edvel a origem do nome da nossa terra. Dizer simplesmente que Oliveira vem de Ulv\u00e1ria \u2013 Ulveira e, por deriva\u00e7\u00e3o, ficou Oliveira. Dizer que Hospital vem da Ordem do Hospital, fundada em S. Jo\u00e3o [&hellip;]<\/p>\n","protected":false},"author":1,"featured_media":0,"parent":0,"menu_order":0,"comment_status":"closed","ping_status":"closed","template":"","meta":{"footnotes":""},"_links":{"self":[{"href":"https:\/\/srlsampaense.com\/index.php\/wp-json\/wp\/v2\/pages\/2052"}],"collection":[{"href":"https:\/\/srlsampaense.com\/index.php\/wp-json\/wp\/v2\/pages"}],"about":[{"href":"https:\/\/srlsampaense.com\/index.php\/wp-json\/wp\/v2\/types\/page"}],"author":[{"embeddable":true,"href":"https:\/\/srlsampaense.com\/index.php\/wp-json\/wp\/v2\/users\/1"}],"replies":[{"embeddable":true,"href":"https:\/\/srlsampaense.com\/index.php\/wp-json\/wp\/v2\/comments?post=2052"}],"version-history":[{"count":23,"href":"https:\/\/srlsampaense.com\/index.php\/wp-json\/wp\/v2\/pages\/2052\/revisions"}],"predecessor-version":[{"id":2255,"href":"https:\/\/srlsampaense.com\/index.php\/wp-json\/wp\/v2\/pages\/2052\/revisions\/2255"}],"wp:attachment":[{"href":"https:\/\/srlsampaense.com\/index.php\/wp-json\/wp\/v2\/media?parent=2052"}],"curies":[{"name":"wp","href":"https:\/\/api.w.org\/{rel}","templated":true}]}}