{"id":1532,"date":"2018-02-04T21:44:30","date_gmt":"2018-02-04T20:44:30","guid":{"rendered":"http:\/\/srlsampaense.com\/?page_id=1532"},"modified":"2018-02-07T15:26:57","modified_gmt":"2018-02-07T14:26:57","slug":"na-sa-dos-milagres-padroeira","status":"publish","type":"page","link":"https:\/\/srlsampaense.com\/index.php\/na-sa-dos-milagres-padroeira\/","title":{"rendered":"N\u00aa S\u00aa dos Milagres (Padroeira)"},"content":{"rendered":"<div id=\"attachment_184\" style=\"width: 1034px\" class=\"wp-caption aligncenter\"><img aria-describedby=\"caption-attachment-184\" decoding=\"async\" loading=\"lazy\" class=\"size-full wp-image-184\" src=\"http:\/\/srlsampaense.com\/wp-content\/uploads\/2015\/06\/nsmilagres.jpg\" alt=\"\" width=\"1024\" height=\"682\" srcset=\"https:\/\/srlsampaense.com\/wp-content\/uploads\/2015\/06\/nsmilagres.jpg 1024w, https:\/\/srlsampaense.com\/wp-content\/uploads\/2015\/06\/nsmilagres-300x200.jpg 300w\" sizes=\"(max-width: 1024px) 100vw, 1024px\" \/><p id=\"caption-attachment-184\" class=\"wp-caption-text\">Capela de N.\u00aa S.\u00aa dos Milagres<\/p><\/div>\n<p>O Santu\u00e1rio de N\u00aa S\u00aa dos Milagres est\u00e1 localizado em S\u00e3o Paio de Grama\u00e7os, Oliveira do Hospital, o qual tem um &#8220;terreiro&#8221; com frondosas tileiras e um amplo espa\u00e7o onde se realiza todos os anos a 15 de Agosto a festa em honra da padroeira.<br \/>\nEsta festividade ainda hoje \u00e9 muito popular na regi\u00e3o devido \u00e0s gra\u00e7as concedidas pela Santa, ocorrendo a este santu\u00e1rio desde o final do s\u00e9c. XIX muitas pessoas que vinham de locais distantes com suas mantas e &#8220;farneis&#8221; e a\u00ed pernoitavam do dia 14 para 15 para poderem participar na missa e prociss\u00e3o.<br \/>\nAinda hoje a festa re\u00fane milhares de pessoas que acompanham a festividade em especial a prociss\u00e3o que d\u00e1 a volta a toda a aldeia enquanto os sinos repicam desde a sa\u00edda da santa at\u00e9 ao seu regresso \u00e0 capela.<br \/>\nAs gra\u00e7as concedidas pela santa, a reuni\u00e3o de fam\u00edlias e de pessoas que nesse dia v\u00eam \u00e0 terra, de todos os locais do pa\u00eds e do mundo e o reconhecido fogo de artif\u00edcio sem igual em toda a regi\u00e3o centro, s\u00e3o os especiais atrativos neste dia 15 de Agosto.<\/p>\n<p style=\"text-align: center;\"><a href=\"https:\/\/www.google.pt\/maps\/@40.3506608,-7.8397129,3a,75y,78.02h,81.13t\/data=!3m6!1e1!3m4!1sJZ3AQRl-uWCDDwG2XUHF7g!2e0!7i13312!8i6656?hl=pt-PT\" target=\"_blank\" rel=\"noopener\">Capela de N\u00aa S\u00aa dos Milagres (Google Maps)<\/a><\/p>\n<p>&nbsp;<\/p>\n","protected":false},"excerpt":{"rendered":"<p>O Santu\u00e1rio de N\u00aa S\u00aa dos Milagres est\u00e1 localizado em S\u00e3o Paio de Grama\u00e7os, Oliveira do Hospital, o qual tem um &#8220;terreiro&#8221; com frondosas tileiras e um amplo espa\u00e7o onde se realiza todos os anos a 15 de Agosto a festa em honra da padroeira. Esta festividade ainda hoje \u00e9 muito popular na regi\u00e3o devido [&hellip;]<\/p>\n","protected":false},"author":1,"featured_media":0,"parent":0,"menu_order":0,"comment_status":"closed","ping_status":"closed","template":"","meta":{"footnotes":""},"_links":{"self":[{"href":"https:\/\/srlsampaense.com\/index.php\/wp-json\/wp\/v2\/pages\/1532"}],"collection":[{"href":"https:\/\/srlsampaense.com\/index.php\/wp-json\/wp\/v2\/pages"}],"about":[{"href":"https:\/\/srlsampaense.com\/index.php\/wp-json\/wp\/v2\/types\/page"}],"author":[{"embeddable":true,"href":"https:\/\/srlsampaense.com\/index.php\/wp-json\/wp\/v2\/users\/1"}],"replies":[{"embeddable":true,"href":"https:\/\/srlsampaense.com\/index.php\/wp-json\/wp\/v2\/comments?post=1532"}],"version-history":[{"count":4,"href":"https:\/\/srlsampaense.com\/index.php\/wp-json\/wp\/v2\/pages\/1532\/revisions"}],"predecessor-version":[{"id":1545,"href":"https:\/\/srlsampaense.com\/index.php\/wp-json\/wp\/v2\/pages\/1532\/revisions\/1545"}],"wp:attachment":[{"href":"https:\/\/srlsampaense.com\/index.php\/wp-json\/wp\/v2\/media?parent=1532"}],"curies":[{"name":"wp","href":"https:\/\/api.w.org\/{rel}","templated":true}]}}