{"id":1527,"date":"2018-02-04T21:42:21","date_gmt":"2018-02-04T20:42:21","guid":{"rendered":"http:\/\/srlsampaense.com\/?page_id=1527"},"modified":"2018-02-07T15:14:43","modified_gmt":"2018-02-07T14:14:43","slug":"confraria-na-sa-dos-milagres-e-s-plagio","status":"publish","type":"page","link":"https:\/\/srlsampaense.com\/index.php\/confraria-na-sa-dos-milagres-e-s-plagio\/","title":{"rendered":"Confraria N\u00aa S\u00aa dos Milagres e S. Pl\u00e1gio"},"content":{"rendered":"<h3><strong>Confraria de Nossa Senhora dos Milagres e M\u00e1rtir S\u00e3o Pel\u00e1gio<\/strong><\/h3>\n<p>in:\u00a0http:\/\/pesquisa.auc.uc.pt\/details?id=111720<br \/>\n<span id=\"DescriptionDetailsControl_RepeaterFields_ctl00_DynamicFieldControlValue_SimpleDynamicField1_DescriptionLevelFieldControl1_LabelText\"><\/span><span id=\"DescriptionDetailsControl_RepeaterFields_ctl01_LabelName\" class=\"DefaultColor Name\">C\u00f3digo de refer\u00eancia &#8211;\u00a0<\/span>PT\/AUC\/CIM\/CNSMMSP<br \/>\nDatas de produ\u00e7\u00e3o &#8211;\u00a0<span id=\"DescriptionDetailsControl_RepeaterFields_ctl03_DynamicFieldControlValue_SimpleDynamicField1_DateRangeFieldControl1_LabelInitialDate\" class=\"LabelInitialDate\">1543<\/span>\u00a0<img decoding=\"async\" id=\"DescriptionDetailsControl_RepeaterFields_ctl03_DynamicFieldControlValue_SimpleDynamicField1_DateRangeFieldControl1_ImageInitialDateCertainty\" class=\"ImageInitialDateCertainty\" src=\"http:\/\/pesquisa.auc.uc.pt\/image\/frontoffice_button_date_certain_black_nano.png\" alt=\"A data \u00e9 certa\" \/>\u00a0<span id=\"DescriptionDetailsControl_RepeaterFields_ctl03_DynamicFieldControlValue_SimpleDynamicField1_DateRangeFieldControl1_LabelDatesSeparator\" class=\"LabelDatesSeparator\">a<\/span>\u00a0<span id=\"DescriptionDetailsControl_RepeaterFields_ctl03_DynamicFieldControlValue_SimpleDynamicField1_DateRangeFieldControl1_LabelFinalDate\" class=\"LabelFinalDate\">1912<\/span>\u00a0<img decoding=\"async\" id=\"DescriptionDetailsControl_RepeaterFields_ctl03_DynamicFieldControlValue_SimpleDynamicField1_DateRangeFieldControl1_ImageFinalDateCertainty\" class=\"ImageFinalDateCertainty\" src=\"http:\/\/pesquisa.auc.uc.pt\/image\/frontoffice_button_date_certain_black_nano.png\" alt=\"A data \u00e9 certa\" \/><span style=\"color: #000000; font-size: 1.4em; font-weight: bold;\"><br \/>\n<\/span><span id=\"DescriptionDetailsControl_RepeaterFields_ctl06_LabelName\" class=\"DefaultColor Name\">Entidade detentora &#8211; Arquivo da Universidade de Coimbra<\/span><span style=\"color: #000000; font-size: 1.4em; font-weight: bold;\"><br \/>\n<\/span><span id=\"DescriptionDetailsControl_RepeaterFields_ctl07_LabelName\" class=\"DefaultColor Name\">Produtor &#8211;\u00a0<\/span>Confraria de Nossa Senhora dos Milagres e M\u00e1rtir S\u00e3o Pel\u00e1gio de S\u00e3o Paio &#8211; Oliveira Hospital; Irmandade de S\u00e3o Pel\u00e1gio<\/p>\n<div class=\"Field BiogHist\">\n<h3 class=\"NameContainer\" style=\"text-align: center;\"><strong><span id=\"DescriptionDetailsControl_RepeaterFields_ctl08_LabelName\" class=\"DefaultColor Name\">Hist\u00f3ria administrativa\/biogr\u00e1fica\/familiar<\/span><\/strong><\/h3>\n<p>A Irmandade do M\u00e1rtir S\u00e3o Pel\u00e1gio foi institu\u00edda em 1543 na igreja matriz da freguesia de S\u00e3o Paio de Grama\u00e7os, concelho de Oliveira Hospital, com estatutos pr\u00f3prios. O rei D. Jo\u00e3o III foi um dos seus mais ilustres filiados sendo seu \u201cProtetor e Juiz Perp\u00e9tuo\u201d. O Papa J\u00falio III concedeu-lhe grandes privil\u00e9gios, nos anos de 1550-1553. A irmandade tinha como finalidade o Culto Divino e atos e assist\u00eancia \u00e0 mis\u00e9ria humana.<br \/>\nSegundo o Direito Can\u00f3nico estas institui\u00e7\u00f5es s\u00e3o: &#8220;Associa\u00e7\u00f5es de fi\u00e9is, constitu\u00eddas organicamente, para o incremento do culto p\u00fablico. As irmandades ou confrarias regulam-se pelo C\u00f3digo de Direito Can\u00f3nico (can. 707-719), al\u00e9m do que disp\u00f5em os seus estatutos particulares. N\u00e3o podem existir sem Decreto formal de ere\u00e7\u00e3o, e n\u00e3o devem erigir-se sen\u00e3o em igrejas ou capelas p\u00fablicas ou ao menos semip\u00fablicas, e costumam ter altar determinado&#8221;; e regem-se &#8220;canonicamente pela Constitui\u00e7\u00e3o de Clemente VIII (1604) e pela Constitui\u00e7\u00e3o de Paulo V (1610). Requer-se, para a sua funda\u00e7\u00e3o, o consentimento do ordin\u00e1rio, que examina os seus estatutos e a quem compete dar ou negar-lhe a sua aprova\u00e7\u00e3o. Podem fundar-se em todas as igrejas, embora a Congrega\u00e7\u00e3o do Conc\u00edlio Tridentino (1595) proibisse as de var\u00f5es nos conventos das religiosas. Clemente XIII proibiu duas confrarias do mesmo santo numa s\u00f3 povoa\u00e7\u00e3o, excetuando as Sacramentais e as da doutrina crist\u00e3, que devem funcionar em todas as par\u00f3quias&#8221;.<br \/>\nHabitualmente, cada irmandade est\u00e1 associada um santo padroeiro mas, para se constituir como tal, precisava de ver aprovados os seus estatutos pois s\u00f3 depois da sua aprova\u00e7\u00e3o \u00e9 que as irmandades se dizem constitu\u00eddas ou eretas; antes disso tem a possibilidade de existir, mas n\u00e3o tem direitos como irmandades.<br \/>\nEmbora tenha sido ereta no ano de 1543, a partir do ano de 1893 aparece-nos com a designa\u00e7\u00e3o de Confraria de Nossa Senhora dos Milagres e M\u00e1rtir S. Pel\u00e1gio.<br \/>\nEm 1902 \u00e9 aprovado o alvar\u00e1 da extin\u00e7\u00e3o da Irmandade do M\u00e1rtir S\u00e3o Pel\u00e1gio e ao mesmo tempo s\u00e3o aprovados os estatutos do compromisso da Confraria de Nossa Senhora dos Milagres ereta na mesma freguesia.<br \/>\nEm 1913 volta a apresentar o nome conjunto e com a aprova\u00e7\u00e3o do aditamento aos estatutos da Irmandade de Nossa Senhora dos Milagres e M\u00e1rtir S\u00e3o Pel\u00e1gio.<br \/>\nEm 1933, novo alvar\u00e1 determina a aprova\u00e7\u00e3o dos estatutos do compromisso da Confraria de Nossa Senhora dos Milagres e M\u00e1rtir S\u00e3o Pel\u00e1gio, ereta na freguesia de S\u00e3o Paio de Grama\u00e7os, e assim foram fundidas.<\/p>\n<\/div>\n<div class=\"Field ScopeContent\">\n<h3 class=\"NameContainer\" style=\"text-align: center;\"><strong><span id=\"DescriptionDetailsControl_RepeaterFields_ctl09_LabelName\" class=\"DefaultColor Name\">\u00c2mbito e conte\u00fado<\/span><\/strong><\/h3>\n<p>Documenta\u00e7\u00e3o referente a registo de estatutos, livros de atas, livros das contas da receita e despesa, livros dos assentos de missa por alma dos irm\u00e3os, livros de autos de sindic\u00e2ncia da Mesa da Irmandade e livros de matr\u00edculas.<br \/>\nSistema de organiza\u00e7\u00e3o &#8211; Documenta\u00e7\u00e3o n\u00e3o tratada arquivisticamente.<br \/>\n<span id=\"DescriptionDetailsControl_RepeaterFields_ctl12_LabelName\" class=\"DefaultColor Name\">Instrumentos de pesquisa &#8211;\u00a0<\/span>Recenceamento.<br \/>\nUnidades de descri\u00e7\u00e3o relacionadas<br \/>\nGen\u00e9rica: AUC &#8211; Governo Civil de Coimbra (F). C\u00f3digo de Refer\u00eancia: PT\/AUC\/AC\/GCC. S\u00e9rie: Alvar\u00e1s e diplomas (SR).<\/p>\n<\/div>\n<div class=\"Field BibliographyItems\">\n<p class=\"NameContainer\" style=\"text-align: center;\"><strong><span id=\"DescriptionDetailsControl_RepeaterFields_ctl14_LabelName\" class=\"DefaultColor Name\">Notas de publica\u00e7\u00e3o<\/span><\/strong><\/p>\n<p class=\"NameContainer\" style=\"text-align: left;\">\u201cCat\u00e1logo de Alvar\u00e1s e Diplomas emanados do Governo Civil do Distrito de Coimbra. 1835 \u2013 1949\u201d, e no qual constam os seguintes alvar\u00e1s:<br \/>\n37. Aprova\u00e7\u00e3o dos Novos Estatutos do compromisso da Irmandade de S. Pel\u00e1gio, ereta na freguesia de S. Paio de Grama\u00e7os, concelho de Oliveira do Hospital. Avar\u00e1 n\u00ba 17 de 7 de Maio de 1875.\u00a0[1870 \u2014 1881, fl. 97 a 97 v.; AUC\/GCC\/COR\/E15\/T1\/28]<br \/>\n105. Aprova\u00e7\u00e3o dos Estatutos do compromisso da Irmandade de S. Pel\u00e1gio, ereta na freguesia de S. Paio de Grama\u00e7os, concelho de Oliveira do Hospital. Alvar\u00e1 n\u00ba 17 de 7 de Maio de 1875.\u00a0[1870 \u2014 1879; AUC\/GCC\/COR\/E15\/T1\/29]<br \/>\n273. Aprova\u00e7\u00e3o dos Estatutos do compromisso da Confraria de Nossa Senhora dos Milagres e M\u00e1rtir S. Pel\u00e1gio, ereta na freguesia de S. Paio de Grama\u00e7os, concelho de Oliveira do Hospital.\u00a0Alvar\u00e1 n\u00ba 36 de 1933.\u00a0[lv. 5; 1931 \u2014 1935; AUC\/GCC\/COR\/E15\/T1\/39]<br \/>\n379. Aprova\u00e7\u00e3o da Extin\u00e7\u00e3o da Irmandade do M\u00e1rtir S. Pel\u00e1gio, ereta na freguesia de S. Paio de Grama\u00e7os, concelho de Oliveira do Hospital. Alvar\u00e1 n\u00ba 7 de 1902. [1881 \u2014 1909; AUC\/GCC\/COR\/E15\/T1\/46]<br \/>\n382. Aprova\u00e7\u00e3o da Reforma dos Estatutos do compromisso da Irmandade de Nossa Senhora dos Milagres, ereta na freguesia de S. Paio de Grama\u00e7os, concelho de Oliveira do Hospital.\u00a0Alvar\u00e1 n\u00ba 11 de 1902.\u00a0[1881 \u2014 1909; AUC\/GCC\/COR\/E15\/T1\/46]<br \/>\n528. Aprova\u00e7\u00e3o dos Estatutos do compromisso da Confraria de Nossa Senhora dos Milagres, ereta na freguesia de S. Paio de Grama\u00e7os, concelho de Oliveira do Hospital. Alvar\u00e1 n\u00ba 1-A de 1893.\u00a0[1883 \u2014 1893; AUC\/GCC\/COR\/E15\/T1\/47]&gt;<br \/>\n666. Aprova\u00e7\u00e3o do Aditamento aos Estatutos da Irmandade de Nossa Senhora dos Milagres e M\u00e1rtir S. Pel\u00e1gio, ereta na freguesia de S. Paio de Grama\u00e7os, concelho de Oliveira do hospital.\u00a0Alvar\u00e1 n\u00ba 85 de 1913.\u00a0[1910 \u2014 1917; AUC\/GCC\/COR\/E15\/T1\/49];<br \/>\nE no\u00a0Recenseamento de Irmandades e Miseric\u00f3rdias do Distrito de Coimbra, 1400-1902. S\u00e9rie: Registo de Institui\u00e7\u00f5es do Fundo Documental do Governo Civil do Distrito de Coimbra.\u00a0Cota: II Dep\u00f3sito, 2\u00ba D, E4, T1, n\u00ba 137 a 139<\/p>\n<\/div>\n","protected":false},"excerpt":{"rendered":"<p>Confraria de Nossa Senhora dos Milagres e M\u00e1rtir S\u00e3o Pel\u00e1gio in:\u00a0http:\/\/pesquisa.auc.uc.pt\/details?id=111720 C\u00f3digo de refer\u00eancia &#8211;\u00a0PT\/AUC\/CIM\/CNSMMSP Datas de produ\u00e7\u00e3o &#8211;\u00a01543\u00a0\u00a0a\u00a01912\u00a0 Entidade detentora &#8211; Arquivo da Universidade de Coimbra Produtor &#8211;\u00a0Confraria de Nossa Senhora dos Milagres e M\u00e1rtir S\u00e3o Pel\u00e1gio de S\u00e3o Paio &#8211; Oliveira Hospital; Irmandade de S\u00e3o Pel\u00e1gio Hist\u00f3ria administrativa\/biogr\u00e1fica\/familiar A Irmandade do M\u00e1rtir S\u00e3o [&hellip;]<\/p>\n","protected":false},"author":1,"featured_media":0,"parent":0,"menu_order":0,"comment_status":"closed","ping_status":"closed","template":"","meta":{"footnotes":""},"_links":{"self":[{"href":"https:\/\/srlsampaense.com\/index.php\/wp-json\/wp\/v2\/pages\/1527"}],"collection":[{"href":"https:\/\/srlsampaense.com\/index.php\/wp-json\/wp\/v2\/pages"}],"about":[{"href":"https:\/\/srlsampaense.com\/index.php\/wp-json\/wp\/v2\/types\/page"}],"author":[{"embeddable":true,"href":"https:\/\/srlsampaense.com\/index.php\/wp-json\/wp\/v2\/users\/1"}],"replies":[{"embeddable":true,"href":"https:\/\/srlsampaense.com\/index.php\/wp-json\/wp\/v2\/comments?post=1527"}],"version-history":[{"count":5,"href":"https:\/\/srlsampaense.com\/index.php\/wp-json\/wp\/v2\/pages\/1527\/revisions"}],"predecessor-version":[{"id":1543,"href":"https:\/\/srlsampaense.com\/index.php\/wp-json\/wp\/v2\/pages\/1527\/revisions\/1543"}],"wp:attachment":[{"href":"https:\/\/srlsampaense.com\/index.php\/wp-json\/wp\/v2\/media?parent=1527"}],"curies":[{"name":"wp","href":"https:\/\/api.w.org\/{rel}","templated":true}]}}