{"id":1496,"date":"2018-01-23T23:55:28","date_gmt":"2018-01-23T22:55:28","guid":{"rendered":"http:\/\/srlsampaense.com\/?page_id=1496"},"modified":"2020-12-08T00:34:52","modified_gmt":"2020-12-07T23:34:52","slug":"empreendedores-agricolas-meados-sec-xix","status":"publish","type":"page","link":"https:\/\/srlsampaense.com\/index.php\/empreendedores-agricolas-meados-sec-xix\/","title":{"rendered":"Empreendedores s\u00e9c XIX"},"content":{"rendered":"<p>(publicado por Fernando Coelho a 29\/12\/2017 \u00e0s 18:49, e reproduzido na integra de:&nbsp;https:\/\/www.facebook.com\/groups\/385980901544787\/)<\/p>\n<p>= EMPREENDEDORES AGR\u00cdCOLAS, DE H\u00c1 160 ANOS DO CONCELHO DE OLIVEIRA DO HOSPITAL =<br \/>\nEu tenho aqui comigo a reprodu\u00e7\u00e3o de mapas emanados da directoria das Alf\u00e2ndegas do Sabugal e assinados por Jos\u00e9 Paes de Vasconcellos, onde constam os produtos que por l\u00e1 passavam &#8211; o destino, as quantidades, os valores e os direitos; infelizmente, n\u00e3o h\u00e1 men\u00e7\u00e3o ao produtor.<br \/>\nExportava-se, sobretudo para Espanha, muito trigo, milho, batata, feij\u00e3o, centeio, cevada , aveia, farinha , p\u00e3o, animai<span class=\"text_exposed_show\">s, peles em \u201dcab\u00eallo\u201d, carnes, queijos etc.<br \/>\nDecerto, muitos destes produtos, em tr\u00e2nsito, eram provenientes do Concelho de Oliveira do Hospital.<br \/>\nA ser assim, quais os empres\u00e1rios do nosso Concelho, com capacidade, vai para cerca de 160 anos, de levar a outros Pa\u00edses, o que produziam?<br \/>\nObservando o panorama, apostava nos seguintes nomes :<\/span><\/p>\n<ul>\n<li><span class=\"text_exposed_show\">Ant\u00f3nio Jos\u00e9 dos Santos ( aguardentes), <\/span><\/li>\n<li><span class=\"text_exposed_show\">Guilherme Francisco Pereira Nunes ( sementes)<\/span><\/li>\n<li><span class=\"text_exposed_show\">Vicente Jos\u00e9 Alc\u00e2ntara ( queijos de ovelha)<\/span><\/li>\n<li><span class=\"text_exposed_show\">Joaquim Ribeiro do Amaral ( frutos \u2013 foi presidente da C\u00e2mara de Oliveira do Hospital)<\/span><\/li>\n<li><span class=\"text_exposed_show\">Guilherme Francisco Pereira Nunes ( centeio, feij\u00e3o, gr\u00e3o de bico, cevada, milho, espigas de milho, milho pain\u00e7o, rainhas cl\u00e1udias, trevo e serradela)<\/span><\/li>\n<\/ul>\n<p><span class=\"text_exposed_show\">Eram estes os nossos principais empreendedores agr\u00edcolas, de \u201c in illo tempora\u201d. S\u00f3 eles poderiam ser exportadores.<\/span><\/p>\n","protected":false},"excerpt":{"rendered":"<p>(publicado por Fernando Coelho a 29\/12\/2017 \u00e0s 18:49, e reproduzido na integra de:&nbsp;https:\/\/www.facebook.com\/groups\/385980901544787\/) = EMPREENDEDORES AGR\u00cdCOLAS, DE H\u00c1 160 ANOS DO CONCELHO DE OLIVEIRA DO HOSPITAL = Eu tenho aqui comigo a reprodu\u00e7\u00e3o de mapas emanados da directoria das Alf\u00e2ndegas do Sabugal e assinados por Jos\u00e9 Paes de Vasconcellos, onde constam os produtos que por [&hellip;]<\/p>\n","protected":false},"author":1,"featured_media":0,"parent":0,"menu_order":0,"comment_status":"closed","ping_status":"closed","template":"","meta":{"footnotes":""},"_links":{"self":[{"href":"https:\/\/srlsampaense.com\/index.php\/wp-json\/wp\/v2\/pages\/1496"}],"collection":[{"href":"https:\/\/srlsampaense.com\/index.php\/wp-json\/wp\/v2\/pages"}],"about":[{"href":"https:\/\/srlsampaense.com\/index.php\/wp-json\/wp\/v2\/types\/page"}],"author":[{"embeddable":true,"href":"https:\/\/srlsampaense.com\/index.php\/wp-json\/wp\/v2\/users\/1"}],"replies":[{"embeddable":true,"href":"https:\/\/srlsampaense.com\/index.php\/wp-json\/wp\/v2\/comments?post=1496"}],"version-history":[{"count":4,"href":"https:\/\/srlsampaense.com\/index.php\/wp-json\/wp\/v2\/pages\/1496\/revisions"}],"predecessor-version":[{"id":2361,"href":"https:\/\/srlsampaense.com\/index.php\/wp-json\/wp\/v2\/pages\/1496\/revisions\/2361"}],"wp:attachment":[{"href":"https:\/\/srlsampaense.com\/index.php\/wp-json\/wp\/v2\/media?parent=1496"}],"curies":[{"name":"wp","href":"https:\/\/api.w.org\/{rel}","templated":true}]}}