{"id":1484,"date":"2018-01-23T22:01:40","date_gmt":"2018-01-23T21:01:40","guid":{"rendered":"http:\/\/srlsampaense.com\/?page_id=1484"},"modified":"2018-01-23T22:04:19","modified_gmt":"2018-01-23T21:04:19","slug":"ave-maria-na-capela-n-a-s-a-dos-milagres","status":"publish","type":"page","link":"https:\/\/srlsampaense.com\/index.php\/ave-maria-na-capela-n-a-s-a-dos-milagres\/","title":{"rendered":"Av\u00e9 Maria na Capela N.\u00aa S.\u00aa dos Milagres"},"content":{"rendered":"<p>(publicado por Fernando Coelho a 11\/1\/2018 \u00e0s 00:21, reprodu\u00e7\u00e3o adaptada de\u00a0 https:\/\/www.facebook.com\/groups\/385980901544787\/)<\/p>\n<p>Missa em S. Paio, Capela de Nossa Senhora dos Milagres.<br \/>\nSil\u00eancio, o senhor arcipreste Laurindo rezava. Escutemos:<br \/>\n&#8220;Ave, Maria, gratia plena<br \/>\nDominus tecum:<br \/>\nBenedita tu in mulieribus<br \/>\nEt benedictus frutus ventris<br \/>\nTui Jesus.<br \/>\nSancta Maria, Mater Dei:<br \/>\nOra pro nobis, pecatoribus,<br \/>\nNunc et in hora mortis nostrae. Amen&#8221;<\/p>\n","protected":false},"excerpt":{"rendered":"<p>(publicado por Fernando Coelho a 11\/1\/2018 \u00e0s 00:21, reprodu\u00e7\u00e3o adaptada de\u00a0 https:\/\/www.facebook.com\/groups\/385980901544787\/) Missa em S. Paio, Capela de Nossa Senhora dos Milagres. Sil\u00eancio, o senhor arcipreste Laurindo rezava. Escutemos: &#8220;Ave, Maria, gratia plena Dominus tecum: Benedita tu in mulieribus Et benedictus frutus ventris Tui Jesus. Sancta Maria, Mater Dei: Ora pro nobis, pecatoribus, Nunc et [&hellip;]<\/p>\n","protected":false},"author":1,"featured_media":0,"parent":0,"menu_order":0,"comment_status":"closed","ping_status":"closed","template":"","meta":{"footnotes":""},"_links":{"self":[{"href":"https:\/\/srlsampaense.com\/index.php\/wp-json\/wp\/v2\/pages\/1484"}],"collection":[{"href":"https:\/\/srlsampaense.com\/index.php\/wp-json\/wp\/v2\/pages"}],"about":[{"href":"https:\/\/srlsampaense.com\/index.php\/wp-json\/wp\/v2\/types\/page"}],"author":[{"embeddable":true,"href":"https:\/\/srlsampaense.com\/index.php\/wp-json\/wp\/v2\/users\/1"}],"replies":[{"embeddable":true,"href":"https:\/\/srlsampaense.com\/index.php\/wp-json\/wp\/v2\/comments?post=1484"}],"version-history":[{"count":3,"href":"https:\/\/srlsampaense.com\/index.php\/wp-json\/wp\/v2\/pages\/1484\/revisions"}],"predecessor-version":[{"id":1488,"href":"https:\/\/srlsampaense.com\/index.php\/wp-json\/wp\/v2\/pages\/1484\/revisions\/1488"}],"wp:attachment":[{"href":"https:\/\/srlsampaense.com\/index.php\/wp-json\/wp\/v2\/media?parent=1484"}],"curies":[{"name":"wp","href":"https:\/\/api.w.org\/{rel}","templated":true}]}}