{"id":1333,"date":"2017-01-27T16:09:47","date_gmt":"2017-01-27T15:09:47","guid":{"rendered":"http:\/\/srlsampaense.com\/?page_id=1333"},"modified":"2017-04-13T16:53:38","modified_gmt":"2017-04-13T15:53:38","slug":"creche-fotos-de-atividades","status":"publish","type":"page","link":"https:\/\/srlsampaense.com\/index.php\/creche-fotos-de-atividades\/","title":{"rendered":"Fotos de Atividades"},"content":{"rendered":"<p style=\"text-align: center;\"><strong>Nos menus laterais pode escolher as fotos das actividades\u00a0por ano escolar<\/strong><\/p>\n<p style=\"text-align: left;\">Em cada ano escolar pode visualizar as fotos das diferentes actividades.<br \/>\nClicando em cima da imagem pode visualizar no ecran ou\u00a0clicar no s\u00edmbolo &#8220;&gt;&#8221; (que est\u00e1 no final da imagem) para prosseguir para a pr\u00f3xima actividade do ano letivo.<\/p>\n<ul>\n<li><a href=\"http:\/\/srlsampaense.com\/index.php\/creche-galeria-de-fotos__trashed\/creche-fotos-201617\/\">Fotos das actividades do ano lectivo 2016\/17<\/a><\/li>\n<li><a href=\"http:\/\/srlsampaense.com\/index.php\/creche-galeria-de-fotos__trashed\/creche-galeria_fotos\/\">Fotos das actividades do ano lectivo 2015\/16<\/a><\/li>\n<\/ul>\n","protected":false},"excerpt":{"rendered":"<p>Nos menus laterais pode escolher as fotos das actividades\u00a0por ano escolar Em cada ano escolar pode visualizar as fotos das diferentes actividades. Clicando em cima da imagem pode visualizar no ecran ou\u00a0clicar no s\u00edmbolo &#8220;&gt;&#8221; (que est\u00e1 no final da imagem) para prosseguir para a pr\u00f3xima actividade do ano letivo. Fotos das actividades do ano [&hellip;]<\/p>\n","protected":false},"author":1,"featured_media":0,"parent":0,"menu_order":0,"comment_status":"closed","ping_status":"closed","template":"","meta":{"footnotes":""},"_links":{"self":[{"href":"https:\/\/srlsampaense.com\/index.php\/wp-json\/wp\/v2\/pages\/1333"}],"collection":[{"href":"https:\/\/srlsampaense.com\/index.php\/wp-json\/wp\/v2\/pages"}],"about":[{"href":"https:\/\/srlsampaense.com\/index.php\/wp-json\/wp\/v2\/types\/page"}],"author":[{"embeddable":true,"href":"https:\/\/srlsampaense.com\/index.php\/wp-json\/wp\/v2\/users\/1"}],"replies":[{"embeddable":true,"href":"https:\/\/srlsampaense.com\/index.php\/wp-json\/wp\/v2\/comments?post=1333"}],"version-history":[{"count":8,"href":"https:\/\/srlsampaense.com\/index.php\/wp-json\/wp\/v2\/pages\/1333\/revisions"}],"predecessor-version":[{"id":1396,"href":"https:\/\/srlsampaense.com\/index.php\/wp-json\/wp\/v2\/pages\/1333\/revisions\/1396"}],"wp:attachment":[{"href":"https:\/\/srlsampaense.com\/index.php\/wp-json\/wp\/v2\/media?parent=1333"}],"curies":[{"name":"wp","href":"https:\/\/api.w.org\/{rel}","templated":true}]}}