{"id":1238,"date":"2016-10-05T20:07:39","date_gmt":"2016-10-05T19:07:39","guid":{"rendered":"http:\/\/srlsampaense.com\/?page_id=1238"},"modified":"2016-10-05T20:07:39","modified_gmt":"2016-10-05T19:07:39","slug":"civilizacao-romana","status":"publish","type":"page","link":"https:\/\/srlsampaense.com\/index.php\/civilizacao-romana\/","title":{"rendered":"Civiliza\u00e7\u00e3o Romana"},"content":{"rendered":"<p><strong>CIVILIZA\u00c7\u00c3O ROMANA<\/strong><\/p>\n<p>Da civiliza\u00e7\u00e3o romana, foram recolhidos dois fusos de tear, um pisa-pap\u00e9is, uma m\u00f3 grande perfurada ao centro (esta ainda n\u00e3o classificada com rigor), quatro mosaicos de argila com fendas de encaixe, utilizados em pavimenta\u00e7\u00f5es, in\u00fameras t\u00e9gulas, bem como mosaicos. Foram tamb\u00e9m encontrados outros vest\u00edgios como\u00a0uma p\u00e1 de meio metro de base e o segmento com mais de 25 cent\u00edmetros de di\u00e2metro. Foram tamb\u00e9m encontrados vest\u00edgios romanos numa quinta cont\u00edgua, que pertenceu \u00e0 D. Josefina da Fonseca.<\/p>\n<p>&nbsp;<\/p>\n","protected":false},"excerpt":{"rendered":"<p>CIVILIZA\u00c7\u00c3O ROMANA Da civiliza\u00e7\u00e3o romana, foram recolhidos dois fusos de tear, um pisa-pap\u00e9is, uma m\u00f3 grande perfurada ao centro (esta ainda n\u00e3o classificada com rigor), quatro mosaicos de argila com fendas de encaixe, utilizados em pavimenta\u00e7\u00f5es, in\u00fameras t\u00e9gulas, bem como mosaicos. Foram tamb\u00e9m encontrados outros vest\u00edgios como\u00a0uma p\u00e1 de meio metro de base e o [&hellip;]<\/p>\n","protected":false},"author":1,"featured_media":0,"parent":0,"menu_order":0,"comment_status":"closed","ping_status":"closed","template":"","meta":{"footnotes":""},"_links":{"self":[{"href":"https:\/\/srlsampaense.com\/index.php\/wp-json\/wp\/v2\/pages\/1238"}],"collection":[{"href":"https:\/\/srlsampaense.com\/index.php\/wp-json\/wp\/v2\/pages"}],"about":[{"href":"https:\/\/srlsampaense.com\/index.php\/wp-json\/wp\/v2\/types\/page"}],"author":[{"embeddable":true,"href":"https:\/\/srlsampaense.com\/index.php\/wp-json\/wp\/v2\/users\/1"}],"replies":[{"embeddable":true,"href":"https:\/\/srlsampaense.com\/index.php\/wp-json\/wp\/v2\/comments?post=1238"}],"version-history":[{"count":1,"href":"https:\/\/srlsampaense.com\/index.php\/wp-json\/wp\/v2\/pages\/1238\/revisions"}],"predecessor-version":[{"id":1239,"href":"https:\/\/srlsampaense.com\/index.php\/wp-json\/wp\/v2\/pages\/1238\/revisions\/1239"}],"wp:attachment":[{"href":"https:\/\/srlsampaense.com\/index.php\/wp-json\/wp\/v2\/media?parent=1238"}],"curies":[{"name":"wp","href":"https:\/\/api.w.org\/{rel}","templated":true}]}}