{"id":1236,"date":"2016-10-05T20:07:07","date_gmt":"2016-10-05T19:07:07","guid":{"rendered":"http:\/\/srlsampaense.com\/?page_id=1236"},"modified":"2018-06-25T18:37:40","modified_gmt":"2018-06-25T17:37:40","slug":"mocarabes","status":"publish","type":"page","link":"https:\/\/srlsampaense.com\/index.php\/mocarabes\/","title":{"rendered":"Mo\u00e7arabes"},"content":{"rendered":"<p><strong>MO\u00c7\u00c1RABES<\/strong><\/p>\n<p>Al\u00e9m dos testemunhos pr\u00e9-hist\u00f3ricos, outros objetos foram encontrados na Quinta da Torre (que pertenceu \u00e0 D. Josefina da Fonseca), a quatro ou cinco metros de profundidade, como peda\u00e7os de uma lan\u00e7a (ponta de lan\u00e7a) que o arque\u00f3logo D. Fernando de Almeida classificou como sendo de origem mo\u00e7\u00e1rabe, bem como duas m\u00f3s, sendo uma de granito.<br \/>\nNa zona adjacente \u00e0 quinta, mais recentemente (a quando das escava\u00e7\u00f5es\u00a0 para passagem das condutas dos esgotos), a uma profundidade de cerca de 4 metros, foram encontradas m\u00f3s de pequena dimens\u00e3o (cerca de 50 cm cm) em granito.<\/p>\n<p>&nbsp;<\/p>\n","protected":false},"excerpt":{"rendered":"<p>MO\u00c7\u00c1RABES Al\u00e9m dos testemunhos pr\u00e9-hist\u00f3ricos, outros objetos foram encontrados na Quinta da Torre (que pertenceu \u00e0 D. Josefina da Fonseca), a quatro ou cinco metros de profundidade, como peda\u00e7os de uma lan\u00e7a (ponta de lan\u00e7a) que o arque\u00f3logo D. Fernando de Almeida classificou como sendo de origem mo\u00e7\u00e1rabe, bem como duas m\u00f3s, sendo uma de [&hellip;]<\/p>\n","protected":false},"author":1,"featured_media":0,"parent":0,"menu_order":0,"comment_status":"closed","ping_status":"closed","template":"","meta":{"footnotes":""},"_links":{"self":[{"href":"https:\/\/srlsampaense.com\/index.php\/wp-json\/wp\/v2\/pages\/1236"}],"collection":[{"href":"https:\/\/srlsampaense.com\/index.php\/wp-json\/wp\/v2\/pages"}],"about":[{"href":"https:\/\/srlsampaense.com\/index.php\/wp-json\/wp\/v2\/types\/page"}],"author":[{"embeddable":true,"href":"https:\/\/srlsampaense.com\/index.php\/wp-json\/wp\/v2\/users\/1"}],"replies":[{"embeddable":true,"href":"https:\/\/srlsampaense.com\/index.php\/wp-json\/wp\/v2\/comments?post=1236"}],"version-history":[{"count":3,"href":"https:\/\/srlsampaense.com\/index.php\/wp-json\/wp\/v2\/pages\/1236\/revisions"}],"predecessor-version":[{"id":1608,"href":"https:\/\/srlsampaense.com\/index.php\/wp-json\/wp\/v2\/pages\/1236\/revisions\/1608"}],"wp:attachment":[{"href":"https:\/\/srlsampaense.com\/index.php\/wp-json\/wp\/v2\/media?parent=1236"}],"curies":[{"name":"wp","href":"https:\/\/api.w.org\/{rel}","templated":true}]}}