{"id":3489,"date":"2025-07-27T12:14:30","date_gmt":"2025-07-27T11:14:30","guid":{"rendered":"https:\/\/srlsampaense.com\/?page_id=3489"},"modified":"2026-01-08T15:10:27","modified_gmt":"2026-01-08T14:10:27","slug":"historial","status":"publish","type":"page","link":"http:\/\/srlsampaense.com\/index.php\/historial\/","title":{"rendered":"Historial"},"content":{"rendered":"<p align=\"JUSTIFY\"><span style=\"color: #080809;\"><span style=\"font-family: Arial, sans-serif;\"><span style=\"font-size: small;\">A Sec\u00e7\u00e3o de Basquetebol da Sociedade Recreativa Lealdade Sampaense, Associa\u00e7\u00e3o de Solidariedade Social \u2013 IPSS (SRLS-IPSS), designou-se em termos desportivos por \u201cSampaense Basket\u201d.<\/span><\/span><\/span><\/p>\n<p align=\"JUSTIFY\"><span style=\"color: #080809;\"><span style=\"font-family: Arial, sans-serif;\"><span style=\"font-size: small;\">Teve o seu in\u00edcio no ano de 1993, com as primeiras inscri\u00e7\u00f5es na Associa\u00e7\u00e3o de Basquetebol de Coimbra dos escal\u00f5es Minis, Infantis e Cadetes, sob o patroc\u00ednio do Comendador Serafim Marques.<\/span><\/span><\/span><\/p>\n<p align=\"JUSTIFY\"><span style=\"color: #080809;\"><span style=\"font-family: Arial, sans-serif;\"><span style=\"font-size: small;\">Na \u00e9poca desportiva 1995\/96, foi criada a sua primeira equipa s\u00e9nior que disputou o campeonato da 2\u00aa divis\u00e3o (antiga 3\u00aa divis\u00e3o). <\/span><\/span><\/span><\/p>\n<p align=\"JUSTIFY\"><span style=\"color: #080809;\"><span style=\"font-family: Arial, sans-serif;\"><span style=\"font-size: small;\">Na \u00e9poca desportiva 1998\/99 a equipa s\u00e9nior classificou-se no 2\u00ba lugar, tendo por isso na \u00e9poca desportiva seguinte disputado o Campeonato da 2\u00aa Divis\u00e3o Nacional A. <\/span><\/span><\/span><\/p>\n<p align=\"JUSTIFY\"><span style=\"color: #080809;\"><span style=\"font-family: Arial, sans-serif;\"><span style=\"font-size: small;\">Na \u00e9poca desportiva 2000\/01 a equipa s\u00e9nior passa para a 1\u00aa Divis\u00e3o Nacional, vencendo a zona Norte na final\u00edssima a 12 de maio ao bater em Aveiro o Galitos. Ainda no mesmo m\u00eas mais concretamente a 18\/05\/2025, o Sampaense Basket tornar-se Campe\u00e3o na 2\u00aa Divis\u00e3o Nacional ao vencer em Barcelos a Universidade dos A\u00e7ores por um escasso ponto (momento marcante por conseguir o seu primeiro trof\u00e9u). <\/span><\/span><\/span><\/p>\n<p align=\"JUSTIFY\"><span style=\"color: #080809;\"><span style=\"font-family: Arial, sans-serif;\"><span style=\"font-size: small;\">Na \u00e9poca desportiva 2003\/04, mais concretamente a 12\/06\/2024 vence o 1\u00ba Campeonato da Proliga em Sangalhos, depois de ter feito 2-0 em S\u00e3o Paio de Grama\u00e7os, fazendo assim 3-0 (\u00e0 melhor de 5 jogos), batendo nessa \u00e9poca um recorde de 19 vit\u00f3rias consecutivas. <\/span><\/span><\/span><\/p>\n<p align=\"JUSTIFY\"><span style=\"color: #080809;\"><span style=\"font-family: Arial, sans-serif;\"><span style=\"font-size: small;\">Na \u00e9poca desportiva 2004\/05, depois de se ter classificado na fase regular no segundo lugar e n\u00e3o perdendo qualquer jogo no seu reduto, passa ao Play-Off vencendo por 3-1 na final o Basket de Almada, tornando-se assim Bicampe\u00e3o Nacional da Proliga.<\/span><\/span><\/span><\/p>\n<p align=\"JUSTIFY\"><span style=\"color: #080809;\"><span style=\"font-family: Arial, sans-serif;\"><span style=\"font-size: small;\">No ano de 2005, foram aprovados pela Assembleia Geral da SRLS-IPSS, o regulamento interno da Sec\u00e7\u00e3o de Basquetebol.<\/span><\/span><\/span><\/p>\n<p align=\"JUSTIFY\"><span style=\"color: #080809;\"><span style=\"font-family: Arial, sans-serif;\"><span style=\"font-size: small;\">Na \u00e9poca 2005\/2006, classificou-se na 3\u00aa posi\u00e7\u00e3o da fase regular e disputou os play-offs, atingindo assim a final onde veio a disputar com CP Esgueira vencendo os dois jogos em S.Paio de Grama\u00e7os para no fim de semana seguinte em Esgueira perder o 3\u00ba jogo e vencendo o 4\u00ba que lhe permitiu sagrar-se novamente Campe\u00e3o Nacional. <\/span><\/span><\/span><\/p>\n<p align=\"JUSTIFY\"><span style=\"color: #080809;\"><span style=\"font-family: Arial, sans-serif;\"><span style=\"font-size: small;\">Na \u00e9poca 2005\/2006, classificou-se na 3\u00aa posi\u00e7\u00e3o da fase regular e disputou os play-offs, atingindo assim a final onde veio a disputar com CP Esgueira vencendo os dois jogos em S.Paio de Grama\u00e7os para no fim de semana seguinte em Esgueira perder o 3\u00ba jogo e vencendo o 4\u00ba que lhe permitiu sagrar-se novamente Campe\u00e3o Nacional. <\/span><\/span><\/span><\/p>\n<p align=\"JUSTIFY\"><span style=\"color: #080809;\"><span style=\"font-family: Arial, sans-serif;\"><span style=\"font-size: small;\">Na \u00e9poca 2006\/07, o Sampaense Basket, classificou-se na fase regular no segundo posto para nos Play-offs ultrapassar Sangalhos e Illiabum, chegando assim `pela quarta vez consecutiva \u00e0 final com o Vit\u00f3ria de Guimar\u00e3es onde foi vencido por 3-0, mas deixando uma boa imagem perante um digno vencedor. <\/span><\/span><\/span><\/p>\n<p align=\"JUSTIFY\"><span style=\"color: #080809;\"><span style=\"font-family: Arial, sans-serif;\"><span style=\"font-size: small;\"><span style=\"color: #333333;\">Na \u00e9poca desportiva 2007\/08, o Sampaense Basket viveu a sua pior \u00e9poca desde que foi criada a Proliga, tendo-se qualificado para os play-off em 8\u00ba lugar, caindo aos p\u00e9s do S. L. Benfica na primeira eliminat\u00f3ria dos mesmos.<\/span><\/span><\/span><\/span><\/p>\n<p align=\"JUSTIFY\"><span style=\"color: #080809;\"><span style=\"font-family: Arial, sans-serif;\"><span style=\"font-size: small;\"><span style=\"color: #333333;\">Na \u00e9poca desportiva 2008\/09, o Sampaense Basket garantiu a subida \u00e0 Liga Portuguesa de Basquetebol, ap\u00f3s ser finalista vencido por 3-1 frente ao Illiabum.<\/span><\/span><\/span><\/span><\/p>\n<p align=\"JUSTIFY\"><span style=\"color: #080809;\"><span style=\"font-family: Arial, sans-serif;\"><span style=\"font-size: small;\"><span style=\"color: #333333;\">Na \u00e9poca desportiva 2010\/11, o Sampaense Basket foi vencedor do Grupo C do torneio Ant\u00f3nio Pratas, perdendo depois nas meias-finais, mas no final da \u00e9poca a equipa garantiu a perman\u00eancia na LPB, conseguindo o 9\u00ba lugar na fase regular do campeonato.<\/span><\/span><\/span><\/span><\/p>\n<p align=\"JUSTIFY\"><span style=\"color: #080809;\"><span style=\"font-family: Arial, sans-serif;\"><span style=\"font-size: small;\"><span style=\"color: #333333;\">Na \u00e9poca desportiva 2011\/12, o Sampaense Basket foi apurado para a Final 8 da Ta\u00e7a de Portugal, onde conseguiu ser semifinalista; perdeu ent\u00e3o com a Acad\u00e9mica de Coimbra pelo que n\u00e3o conseguiu chegar \u00e0 final. No entanto, no final da \u00e9poca a equipa garantiu a perman\u00eancia na LPB, conseguindo o 10\u00ba lugar na fase regular do campeonato.<\/span><\/span><\/span><\/span><\/p>\n<p align=\"JUSTIFY\"><span style=\"color: #080809;\"><span style=\"font-family: Arial, sans-serif;\"><span style=\"font-size: small;\"><span style=\"color: #333333;\">Na \u00e9poca desportiva 2012\/13 o Sampaense Basket foi apurado para a Final 8 da Ta\u00e7a de Portugal, onde conseguiu ser semifinalista. Perdeu a\u00ed com o Benfica e n\u00e3o conseguiu chegar \u00e0 final. No final da \u00e9poca a equipa garantiu a participa\u00e7\u00e3o no play-off da LPB, conseguindo o 6\u00ba lugar na fase regular do campeonato e caindo nos quartos de final da competi\u00e7\u00e3o frente \u00e0 Acad\u00e9mica de Coimbra.<\/span><\/span><\/span><\/span><\/p>\n<p align=\"JUSTIFY\"><span style=\"color: #080809;\"><span style=\"font-family: Arial, sans-serif;\"><span style=\"font-size: small;\"><span style=\"color: #333333;\">Na \u00e9poca desportiva 2013\/2014, o Sampaense Basket atingiu as meias-finais dos play-off da Liga Portuguesa de Basquetebol (LPB), onde perdeu com o Benfica, tendo ficado em 3\u00ba lugar na classifica\u00e7\u00e3o final. No torneio Ant\u00f3nio Pratas, no inicio desta \u00e9poca, a equipa conseguiu marcar presen\u00e7a na sua primeira final oficial da LPB ap\u00f3s derrotar a equipa do Benfica, perdendo depois na final frente \u00e0 Ovarense.<\/span><\/span><\/span><\/span><\/p>\n<p align=\"JUSTIFY\"><span style=\"color: #080809;\"><span style=\"font-family: Arial, sans-serif;\"><span style=\"font-size: small;\">A Sociedade Recreativa Lealdade Sampaense, Associa\u00e7\u00e3o de Solidariedade Social \u2013 IPSS, foi considerada clube formador, no \u00e2mbito da atividade as sua sec\u00e7\u00e3o de \u201cBasquetebol\u201d, mantendo a sua atividade como clube formador.<\/span><\/span><\/span><\/p>\n<p align=\"JUSTIFY\"><span style=\"color: #080809;\"><span style=\"font-family: Arial, sans-serif;\"><span style=\"font-size: small;\">A 11\/03\/2020 foram interrompidas todas as atividades de competi\u00e7\u00e3o por causa da Pandemia de COVID-19.<\/span><\/span><\/span><\/p>\n<p align=\"JUSTIFY\"><span style=\"color: #080809;\"><span style=\"font-family: Arial, sans-serif;\"><span style=\"font-size: small;\">Nas \u00e9pocas desportivas 2022\/23, 2023\/24 e 2024\/25 manteve-se a equipa S\u00e9nior na Pr\u00f3-Liga de basquetebol.<\/span><\/span><\/span><\/p>\n<p align=\"JUSTIFY\"><span style=\"color: #080809;\"><span style=\"font-family: Arial, sans-serif;\"><span style=\"font-size: small;\">No final da \u00e9poca desportiva 2024\/25 termina a atividade da sec\u00e7\u00e3o de basquetebol da SRLS-IPSS e na Assembleia Geral de 22\/08\/2025 s\u00e3o cedidos os direitos desportivos para outra entidade independente da SRLS-IPSS.<\/span><\/span><\/span><\/p>\n<p align=\"JUSTIFY\">\n","protected":false},"excerpt":{"rendered":"<p>A Sec\u00e7\u00e3o de Basquetebol da Sociedade Recreativa Lealdade Sampaense, Associa\u00e7\u00e3o de Solidariedade Social \u2013 IPSS (SRLS-IPSS), designou-se em termos desportivos por \u201cSampaense Basket\u201d. Teve o seu in\u00edcio no ano de 1993, com as primeiras inscri\u00e7\u00f5es na Associa\u00e7\u00e3o de Basquetebol de Coimbra dos escal\u00f5es Minis, Infantis e Cadetes, sob o patroc\u00ednio do Comendador Serafim Marques. Na [&hellip;]<\/p>\n","protected":false},"author":1,"featured_media":0,"parent":0,"menu_order":0,"comment_status":"closed","ping_status":"closed","template":"","meta":{"footnotes":""},"_links":{"self":[{"href":"http:\/\/srlsampaense.com\/index.php\/wp-json\/wp\/v2\/pages\/3489"}],"collection":[{"href":"http:\/\/srlsampaense.com\/index.php\/wp-json\/wp\/v2\/pages"}],"about":[{"href":"http:\/\/srlsampaense.com\/index.php\/wp-json\/wp\/v2\/types\/page"}],"author":[{"embeddable":true,"href":"http:\/\/srlsampaense.com\/index.php\/wp-json\/wp\/v2\/users\/1"}],"replies":[{"embeddable":true,"href":"http:\/\/srlsampaense.com\/index.php\/wp-json\/wp\/v2\/comments?post=3489"}],"version-history":[{"count":4,"href":"http:\/\/srlsampaense.com\/index.php\/wp-json\/wp\/v2\/pages\/3489\/revisions"}],"predecessor-version":[{"id":3575,"href":"http:\/\/srlsampaense.com\/index.php\/wp-json\/wp\/v2\/pages\/3489\/revisions\/3575"}],"wp:attachment":[{"href":"http:\/\/srlsampaense.com\/index.php\/wp-json\/wp\/v2\/media?parent=3489"}],"curies":[{"name":"wp","href":"https:\/\/api.w.org\/{rel}","templated":true}]}}