{"id":29,"date":"2015-05-30T01:10:43","date_gmt":"2015-05-30T00:10:43","guid":{"rendered":"http:\/\/webyte.pt\/srls\/?page_id=29"},"modified":"2019-03-29T12:17:32","modified_gmt":"2019-03-29T11:17:32","slug":"contas-de-gerencia","status":"publish","type":"page","link":"http:\/\/srlsampaense.com\/index.php\/contas-de-gerencia\/","title":{"rendered":"Ano civil de 2014"},"content":{"rendered":"<p style=\"text-align: center;\"><strong>Contas de Ger\u00eancia do ano de 2014<br \/>\nAprovadas na Assembleia Geral de 20\/03\/2015<br \/>\nPublicadas a 30\/05\/2016 \u00e0s 01:10 horas<\/strong><\/p>\n<p><img decoding=\"async\" loading=\"lazy\" class=\"aligncenter size-full wp-image-274\" src=\"http:\/\/srlsampaense.com\/wp-content\/uploads\/2015\/05\/contas2014_1.jpg\" alt=\"\" width=\"454\" height=\"545\" srcset=\"http:\/\/srlsampaense.com\/wp-content\/uploads\/2015\/05\/contas2014_1.jpg 454w, http:\/\/srlsampaense.com\/wp-content\/uploads\/2015\/05\/contas2014_1-250x300.jpg 250w\" sizes=\"(max-width: 454px) 100vw, 454px\" \/><\/p>\n<div id=\"attachment_275\" style=\"width: 507px\" class=\"wp-caption aligncenter\"><img aria-describedby=\"caption-attachment-275\" decoding=\"async\" loading=\"lazy\" class=\"size-full wp-image-275\" src=\"http:\/\/srlsampaense.com\/wp-content\/uploads\/2015\/05\/contas2014_2.jpg\" alt=\"\" width=\"497\" height=\"265\" srcset=\"http:\/\/srlsampaense.com\/wp-content\/uploads\/2015\/05\/contas2014_2.jpg 497w, http:\/\/srlsampaense.com\/wp-content\/uploads\/2015\/05\/contas2014_2-300x160.jpg 300w\" sizes=\"(max-width: 497px) 100vw, 497px\" \/><p id=\"caption-attachment-275\" class=\"wp-caption-text\">Demonstra\u00e7\u00e3o dos resultados por naturezas (modelo ESNL) de per\u00edodo de 2014 (montantes em euros)<\/p><\/div>\n","protected":false},"excerpt":{"rendered":"<p>Contas de Ger\u00eancia do ano de 2014 Aprovadas na Assembleia Geral de 20\/03\/2015 Publicadas a 30\/05\/2016 \u00e0s 01:10 horas<\/p>\n","protected":false},"author":1,"featured_media":0,"parent":0,"menu_order":0,"comment_status":"closed","ping_status":"closed","template":"","meta":{"footnotes":""},"_links":{"self":[{"href":"http:\/\/srlsampaense.com\/index.php\/wp-json\/wp\/v2\/pages\/29"}],"collection":[{"href":"http:\/\/srlsampaense.com\/index.php\/wp-json\/wp\/v2\/pages"}],"about":[{"href":"http:\/\/srlsampaense.com\/index.php\/wp-json\/wp\/v2\/types\/page"}],"author":[{"embeddable":true,"href":"http:\/\/srlsampaense.com\/index.php\/wp-json\/wp\/v2\/users\/1"}],"replies":[{"embeddable":true,"href":"http:\/\/srlsampaense.com\/index.php\/wp-json\/wp\/v2\/comments?post=29"}],"version-history":[{"count":12,"href":"http:\/\/srlsampaense.com\/index.php\/wp-json\/wp\/v2\/pages\/29\/revisions"}],"predecessor-version":[{"id":1845,"href":"http:\/\/srlsampaense.com\/index.php\/wp-json\/wp\/v2\/pages\/29\/revisions\/1845"}],"wp:attachment":[{"href":"http:\/\/srlsampaense.com\/index.php\/wp-json\/wp\/v2\/media?parent=29"}],"curies":[{"name":"wp","href":"https:\/\/api.w.org\/{rel}","templated":true}]}}