{"id":2560,"date":"2021-03-06T21:29:21","date_gmt":"2021-03-06T20:29:21","guid":{"rendered":"http:\/\/srlsampaense.com\/?page_id=2560"},"modified":"2021-03-06T21:39:32","modified_gmt":"2021-03-06T20:39:32","slug":"vila-pouca-da-beira-toponimo","status":"publish","type":"page","link":"http:\/\/srlsampaense.com\/index.php\/vila-pouca-da-beira-toponimo\/","title":{"rendered":"Vila Pouca da Beira &#8211; top\u00f3nimo"},"content":{"rendered":"<p>Publicado por\u00a0<strong>Lucinda Maria Brito<\/strong> em 04\/02\/2021, \u00e0s 16:56 horas in: <a href=\"http:\/\/srlsampaense.com\/index.php\/vila-pouca-da-beira-toponimo\/\">http:\/\/srlsampaense.com\/index.php\/vila-pouca-da-beira-toponimo\/<\/a><\/p>\n<hr \/>\n<p>VILA POUCA DA BEIRA \u2013 TOP\u00d3NIMO<\/p>\n<div class=\"kvgmc6g5 cxmmr5t8 oygrvhab hcukyx3x c1et5uql ii04i59q\">\n<div dir=\"auto\">Vila Pouca da Beira \u00e9 uma antiga freguesia portuguesa do concelho de Oliveira do Hospital.<\/div>\n<div dir=\"auto\">Foi extinta (agregada) pela reorganiza\u00e7\u00e3o administrativa de 2012\/2013, sendo o seu territ\u00f3rio integrado na Uni\u00e3o de Freguesias de Santa Ovaia e Vila Pouca da Beira.<\/div>\n<div dir=\"auto\">Teve carta de foral em data anterior ao s\u00e9culo XIV, pois nas Inquiri\u00e7\u00f5es de 1258 h\u00e1 refer\u00eancia a um juiz em Vila Pouca, que nos leva a pensar que, nessa \u00e9poca, a povoa\u00e7\u00e3o era sede de concelho.<\/div>\n<div dir=\"auto\">Em 1519, D. Manuel I concedeu-lhe foral novo e, em 1836, o concelho foi extinto, passando Vila Pouca a freguesia, que foi agregada ao concelho de Av\u00f4, at\u00e9 \u00e0 sua extin\u00e7\u00e3o em 1855 e \u00e0 sua integra\u00e7\u00e3o no concelho de Oliveira do Hospital.<\/div>\n<div dir=\"auto\">O padroeiro de Vila Pouca da Beira \u00e9 S. Sebasti\u00e3o.<\/div>\n<div dir=\"auto\">Passemos ao top\u00f3nimo. Sendo uma localidade antiga, \u00e9 poss\u00edvel que Vila corresponda a uma villa r\u00fastica romana, uma boa unidade de explora\u00e7\u00e3o agr\u00edcola com casa. \u201cPouca\u201d quer dizer pequena faz pensar que a povoa\u00e7\u00e3o propriamente dita n\u00e3o ser\u00e1 anterior \u00e0 nacionalidade, pois o top\u00f3nimo Vila Pouca \u00e9 pouco conhecido nos s\u00e9culos XI e XII.<\/div>\n<div dir=\"auto\">Por ocasi\u00e3o do Cadastro da Popula\u00e7\u00e3o de 1527 ainda se mantinha sem o acrescentamento \u201cda Beira\u201d, mas j\u00e1 surge Vila Pouca da Beira na Informa\u00e7\u00e3o Paroquial de 1721.<\/div>\n<div dir=\"auto\">Imposs\u00edvel falar desta bela povoa\u00e7\u00e3o sem referir o Convento do Desagravo:<\/div>\n<div dir=\"auto\">\u201c\u00c9 do Bispo de Coimbra, D. Francisco de Lemos de Faria Pereira Coutinho, a licen\u00e7a para a funda\u00e7\u00e3o do Convento do Desagravo concedida a 19 de Agosto de 1780. Para a sua edifica\u00e7\u00e3o foi escolhido o s\u00edtio chamado de S. Jos\u00e9, onde existia uma capela que foi substitu\u00edda pelas novas constru\u00e7\u00f5es e respetiva cerca. A obra ter\u00e1 sido conclu\u00edda cerca de 1800. Os fundadores, segundo a provis\u00e3o r\u00e9gia e episcopal, foram \u201ca C\u00e2mara, a Nobreza e o povo de Villa Pouca da Beyra\u201d, que deram os terrenos e certas dota\u00e7\u00f5es. Canonicamente, foram fundadores Soror Maria B\u00e1rbara, que foi abadessa, e Soror Maria do Sado. Por\u00e9m, a verdadeira fundadora e dinamizadora foi uma mulher do povo, Genoveva Maria do Esp\u00edrito Santo, que faleceu a 31 de Dezembro de 1821. Para fundar o Convento mencionado, recolheu esmolas, n\u00e3o s\u00f3 no pa\u00eds como na corte refugiada no Brasil, tendo recebido, ao que parece, j\u00f3ias das m\u00e3os da Rainha D. Carlota Joaquina, que foram aplicadas na cust\u00f3dia. Em 1942, tomaram conta do Convento do Desagravo as religiosas Dominicanas Contemplativas, que desistiram do edif\u00edcio em 1952, a favor da Junta Geral de Prov\u00edncia. Transitou depois a sua posse para a Funda\u00e7\u00e3o Bissaya Barreto, que em Julho de 2000 iniciou as obras de recupera\u00e7\u00e3o e adapta\u00e7\u00e3o do convento a unidade hoteleira.\u201d De referir que primeiro foi Pousada e hoje \u00e9 Hotel. Dela fazem parte uma bela Igreja e a Casa do Bispo.<\/div>\n<div dir=\"auto\">Gerrit Komrij, poeta holand\u00eas de reconhecimento internacional, fixou resid\u00eancia nesta localidade, onde era estimado por todos. Falecido em 2012, encontra-se sepultado no cemit\u00e9rio local, como era seu desejo. Viveu numa bela moradia que \u00e9 hoje conhecida como a Casa do Poeta.<\/div>\n<div dir=\"auto\">Patrim\u00f3nio<\/div>\n<div dir=\"auto\">Convento do Desagravo do Sant\u00edssimo Sacramento ou Convento do Desagravo do Sant\u00edssimo Sacramento de Vila Pouca da Beira<\/div>\n<div dir=\"auto\">Igreja de S. Sebasti\u00e3o (matriz) \u2013 constru\u00edda no S\u00e9c. XVIII e reconstru\u00edda em 1818.<\/div>\n<div dir=\"auto\">Ermida de S\u00e3o Miguel (junto \u00e0 estrada de Digueifel)<\/div>\n<div dir=\"auto\">Via Romana que a liga a Lourosa<\/div>\n<div dir=\"auto\">Alminhas<\/div>\n<div dir=\"auto\">Pelourinho &#8211; Monumento de arquitectura pol\u00edtico-administrativa e judicial, quinhentista. Com soco cil\u00edndrico e fuste octogonal sem remate.<\/div>\n<div dir=\"auto\">Casas quinhentistas<\/div>\n<div dir=\"auto\">Visitem e admirem! N\u00e3o v\u00e3o arrepender-se!<\/div>\n<\/div>\n<div class=\"o9v6fnle cxmmr5t8 oygrvhab hcukyx3x c1et5uql ii04i59q\">\n<div dir=\"auto\">Lucinda Maria<\/div>\n<div dir=\"auto\">(Fontes: Livro de Topon\u00edmia de Dr. Francisco Correia das Neves, Google\u2026 imagens de Google)<\/div>\n<\/div>\n","protected":false},"excerpt":{"rendered":"<p>Publicado por\u00a0Lucinda Maria Brito em 04\/02\/2021, \u00e0s 16:56 horas in: http:\/\/srlsampaense.com\/index.php\/vila-pouca-da-beira-toponimo\/ VILA POUCA DA BEIRA \u2013 TOP\u00d3NIMO Vila Pouca da Beira \u00e9 uma antiga freguesia portuguesa do concelho de Oliveira do Hospital. Foi extinta (agregada) pela reorganiza\u00e7\u00e3o administrativa de 2012\/2013, sendo o seu territ\u00f3rio integrado na Uni\u00e3o de Freguesias de Santa Ovaia e Vila Pouca [&hellip;]<\/p>\n","protected":false},"author":1,"featured_media":0,"parent":0,"menu_order":0,"comment_status":"closed","ping_status":"closed","template":"","meta":{"footnotes":""},"_links":{"self":[{"href":"http:\/\/srlsampaense.com\/index.php\/wp-json\/wp\/v2\/pages\/2560"}],"collection":[{"href":"http:\/\/srlsampaense.com\/index.php\/wp-json\/wp\/v2\/pages"}],"about":[{"href":"http:\/\/srlsampaense.com\/index.php\/wp-json\/wp\/v2\/types\/page"}],"author":[{"embeddable":true,"href":"http:\/\/srlsampaense.com\/index.php\/wp-json\/wp\/v2\/users\/1"}],"replies":[{"embeddable":true,"href":"http:\/\/srlsampaense.com\/index.php\/wp-json\/wp\/v2\/comments?post=2560"}],"version-history":[{"count":3,"href":"http:\/\/srlsampaense.com\/index.php\/wp-json\/wp\/v2\/pages\/2560\/revisions"}],"predecessor-version":[{"id":2565,"href":"http:\/\/srlsampaense.com\/index.php\/wp-json\/wp\/v2\/pages\/2560\/revisions\/2565"}],"wp:attachment":[{"href":"http:\/\/srlsampaense.com\/index.php\/wp-json\/wp\/v2\/media?parent=2560"}],"curies":[{"name":"wp","href":"https:\/\/api.w.org\/{rel}","templated":true}]}}