{"id":2290,"date":"2020-10-27T18:59:47","date_gmt":"2020-10-27T17:59:47","guid":{"rendered":"http:\/\/srlsampaense.com\/?page_id=2290"},"modified":"2020-10-27T19:01:37","modified_gmt":"2020-10-27T18:01:37","slug":"ervedal-da-beira-toponimo","status":"publish","type":"page","link":"http:\/\/srlsampaense.com\/index.php\/ervedal-da-beira-toponimo\/","title":{"rendered":"Ervedal &#8211; top\u00f3nimo"},"content":{"rendered":"<p>Publicado por <strong>Lucinda Maria Brito<\/strong> em 27\/10\/2020, \u00e0s 16:41 horas in: <a href=\"https:\/\/www.facebook.com\/lucindamaria.brito\/posts\/3193350544121247\" target=\"_blank\" rel=\"noopener noreferrer\">https:\/\/www.facebook.com\/lucindamaria.brito\/posts\/3193350544121247<\/a><\/p>\n<hr \/>\n<p>ERVEDAL &#8211; TOP\u00d3NIMO<br \/>\nErvedal, antes chamada Ervedal da Beira, \u00e9 uma antiga freguesia portuguesa do concelho de Oliveira do Hospital, agora pertencente \u00e0 Uni\u00e3o de\u00a0<span class=\"text_exposed_show\">Freguesias de Vila Franca da Beira.<br \/>\nConstituiu, at\u00e9 ao in\u00edcio do s\u00e9culo XIX, o couto de Ervedal.<br \/>\n&#8220;Por aqui passaram os mais diferentes povos da antiguidade, os quais, por meios pac\u00edficos ou pela conquista, se instalaram, dominaram e muitas vezes, se confundiram com os primitivos povos naturais.<br \/>\nOs Cartagineses, dominaram aqui, desde o s\u00e9culo VI at\u00e9 ao ano 218, antes de Cristo. Seguiram-se-lhes os Romanos, cujo dom\u00ednio durou desde aquele tempo at\u00e9 ao s\u00e9culo V da era crist\u00e3, cerca do ano 409. Vieram depois os povos b\u00e1rbaros a que se seguiu a monarquia visig\u00f3tica, que durou desde 414 at\u00e9 ao ano de 710. Todas as lutas para a posse do territ\u00f3rio, e, especialmente, as que se travaram entre os pr\u00edncipes crist\u00e3os e os mu\u00e7ulmanos, dominadores da pen\u00ednsula, revestiram-se da maior viol\u00eancia no decorrer de grandes batalhas, com in\u00fameros ataques e contra-ataques. ERVEDAL deve ter suportado todas as inclem\u00eancias a que estiveram sujeitas as outras povoa\u00e7\u00f5es da regi\u00e3o. Que assim \u00e9, de facto, atestam-no os in\u00fameros vest\u00edgios que se deparam, por vezes, nos campos que circundam a vila, a que nem sempre se liga a devida import\u00e2ncia, por desinteresse ou por desconhecimento do seu valor para estudo do passado do Ervedal.&#8221;<br \/>\nE o top\u00f3nimo?<br \/>\nEsta antiga e prestigiada vila tem, certamente, origem vegetal, mas estar\u00e1 ligado a erva ou a medronheiro? O primeiro registo daquela povoa\u00e7\u00e3o \u00e9 uma Carta de Doa\u00e7\u00e3o de 1193. Mais tarde, no antigo foral concedido por D. Teresa, filha de D. Sancho I, em 1249, a vila aparece designada por Eruedal. Nas actas das Inquiri\u00e7\u00f5es de D. Afonso III de 1258, aparece escrito Ervedal. J\u00e1 na Senten\u00e7a de D. Afonso IV de 19-03-1336 sobre as jurisdi\u00e7\u00f5es heruedal e numa carta de D. Jo\u00e3o I de 6-03-1401, surge Heruedal. No Foral manuelino dado em 1514 vem escrito \u2013 logar do eruedall . E come\u00e7ou por acrescentar-se da Beira, evidentemente por ser na Beira. Etimologicamente, o \u00e9timo latino de Ervedal \u00e9 herva, significando um lugar onde abundam ervas. No entanto, tamb\u00e9m h\u00e1 quem defenda que prov\u00e9m do latim arbutum ou arbutus, que significa medronheiro, que tamb\u00e9m se diz erv\u00f4do e ervedeiro. Portanto, erva ou medronheiro s\u00e3o duas hip\u00f3teses veros\u00edmeis para o top\u00f3nimo Ervedal.<br \/>\n\u00c9 uma terra cheia de belezas naturais e patrim\u00f3nio hist\u00f3rico de valor. \u00c9 preciso n\u00e3o a abandonar e esquecer! Nomeio, de seguida, alguns motivos de interesse, mas muitos mais haver\u00e1, certamente.<br \/>\nSolar de Ervedal da Beira (do s\u00e9c. XVI, com capela dedicada a Santo Ant\u00f3nio)<br \/>\nIgreja Matriz (orago: Santo Andr\u00e9)<br \/>\nCoreto<br \/>\nA\u00e7ude da Ribeira (no rio Seia)<br \/>\nSociedade Recreativa Ervedalense<br \/>\nGaleria de Arte P\u00e1tio Velho (Vale do Ferro)<br \/>\nConfraria de Ervedal da Beira (Bolos, Doces, Aguardentes e Licores de Ervedal da Beira)<br \/>\nAlgumas sepulturas de forma antropom\u00f3rfica (junto da Igreja Matriz e a que o povo chama \u201cromanas\u201d)<br \/>\nLucinda Maria (consulta do livro do Dr. Francisco Correia das Neves; fotos de Google)<\/span><\/p>\n","protected":false},"excerpt":{"rendered":"<p>Publicado por Lucinda Maria Brito em 27\/10\/2020, \u00e0s 16:41 horas in: https:\/\/www.facebook.com\/lucindamaria.brito\/posts\/3193350544121247 ERVEDAL &#8211; TOP\u00d3NIMO Ervedal, antes chamada Ervedal da Beira, \u00e9 uma antiga freguesia portuguesa do concelho de Oliveira do Hospital, agora pertencente \u00e0 Uni\u00e3o de\u00a0Freguesias de Vila Franca da Beira. Constituiu, at\u00e9 ao in\u00edcio do s\u00e9culo XIX, o couto de Ervedal. &#8220;Por aqui [&hellip;]<\/p>\n","protected":false},"author":1,"featured_media":0,"parent":0,"menu_order":0,"comment_status":"closed","ping_status":"closed","template":"","meta":{"footnotes":""},"_links":{"self":[{"href":"http:\/\/srlsampaense.com\/index.php\/wp-json\/wp\/v2\/pages\/2290"}],"collection":[{"href":"http:\/\/srlsampaense.com\/index.php\/wp-json\/wp\/v2\/pages"}],"about":[{"href":"http:\/\/srlsampaense.com\/index.php\/wp-json\/wp\/v2\/types\/page"}],"author":[{"embeddable":true,"href":"http:\/\/srlsampaense.com\/index.php\/wp-json\/wp\/v2\/users\/1"}],"replies":[{"embeddable":true,"href":"http:\/\/srlsampaense.com\/index.php\/wp-json\/wp\/v2\/comments?post=2290"}],"version-history":[{"count":2,"href":"http:\/\/srlsampaense.com\/index.php\/wp-json\/wp\/v2\/pages\/2290\/revisions"}],"predecessor-version":[{"id":2294,"href":"http:\/\/srlsampaense.com\/index.php\/wp-json\/wp\/v2\/pages\/2290\/revisions\/2294"}],"wp:attachment":[{"href":"http:\/\/srlsampaense.com\/index.php\/wp-json\/wp\/v2\/media?parent=2290"}],"curies":[{"name":"wp","href":"https:\/\/api.w.org\/{rel}","templated":true}]}}