{"id":1749,"date":"2019-01-19T14:05:42","date_gmt":"2019-01-19T13:05:42","guid":{"rendered":"http:\/\/srlsampaense.com\/?page_id=1749"},"modified":"2022-10-26T15:40:30","modified_gmt":"2022-10-26T14:40:30","slug":"2019-2022","status":"publish","type":"page","link":"http:\/\/srlsampaense.com\/index.php\/2019-2022\/","title":{"rendered":"2019-2022"},"content":{"rendered":"\r\n<div class=\"wp-block-image is-style-default\" style=\"text-align: center;\">\r\n<figure class=\"aligncenter is-resized\"><img decoding=\"async\" loading=\"lazy\" class=\"wp-image-1769\" src=\"http:\/\/srlsampaense.com\/wp-content\/uploads\/2019\/01\/IMG_5709-1024x683.jpg\" alt=\"\" width=\"646\" height=\"430\" srcset=\"http:\/\/srlsampaense.com\/wp-content\/uploads\/2019\/01\/IMG_5709-1024x683.jpg 1024w, http:\/\/srlsampaense.com\/wp-content\/uploads\/2019\/01\/IMG_5709-300x200.jpg 300w, http:\/\/srlsampaense.com\/wp-content\/uploads\/2019\/01\/IMG_5709-768x512.jpg 768w\" sizes=\"(max-width: 646px) 100vw, 646px\" \/>\r\n<figcaption><br \/><strong>CORPOS GERENTES PARA O QUADRI\u00c9NIO 2019-22<br \/><\/strong>(Eleitos em 21\/12\/2018 e Tomada de Posse em 20\/01\/2019)<\/figcaption>\r\n<\/figure>\r\n<\/div>\r\n\r\n\r\n\r\n<p class=\"has-text-align-center\" style=\"text-align: center;\"><strong> ASSEMBLEIA GERAL<\/strong><br \/>Presidente \u2013 Jo\u00e3o Jos\u00e9 de Sousa Franco<br \/>1\u00ba Secret\u00e1rio \u2013 Ant\u00f3nio \u00c2ngelo Ferr\u00e3o Veloso<br \/>2\u00aa Secret\u00e1ria \u2013 Ana Carla Rodrigues Mendes Madeira<br \/>Suplente \u2013 Joel Filipe Amado Brito<\/p>\r\n\r\n\r\n\r\n<p class=\"has-text-align-center\" style=\"text-align: center;\"><strong>DIRE\u00c7\u00c3O<br \/><\/strong>Presidente \u2013 Jos\u00e9 Francisco Ferr\u00e3o Veloso<br \/>Vice-Presidente \u2013 Manuel Madeira Mendes<br \/>Tesoureiro \u2013 Victor Manuel Oliveira Alves<br \/>1\u00aa Secret\u00e1ria \u2013 Sara Filipa Fonseca Veloso<br \/>2\u00aa Secret\u00e1ria \u2013 Ida Maria Teles B. M. Mendes<br \/>1\u00ba Vogal \u2013 Fernando Jos\u00e9 Fonseca Duarte<br \/>2\u00ba Vogal \u2013 Carlos Manuel Moura Oliveira<br \/>3\u00ba Vogal \u2013 Ant\u00f3nio Jos\u00e9 Mendes Borges<br \/>4\u00aa Vogal \u2013 Ivone Maria Mendes Dias Figueiredo<br \/>1\u00ba Suplente \u2013 Alberto Jorge Guilherme Mota Fonseca<br \/>2\u00ba Suplente \u2013 Manuel In\u00e1cio Faria<br \/>3\u00ba Suplente \u2013 Ant\u00f3nio Jos\u00e9 Duarte Madeira Henriques<\/p>\r\n\r\n\r\n\r\n<p class=\"has-text-align-center\" style=\"text-align: center;\"><strong>CONSELHO FISCAL<\/strong><br \/>Presidente \u2013 Nuno Ant\u00f3nio Pinto Sousa Marques<br \/>1\u00ba Secret\u00e1rio \u2013 Pedro Nuno Bas\u00edlio Veloso<br \/>2\u00ba Secret\u00e1rio \u2013 Jos\u00e9 Adelino Veloso Mendes<br \/>Suplente \u2013 Raquel Susana Fonseca Veloso<\/p>\r\n","protected":false},"excerpt":{"rendered":"<p>ASSEMBLEIA GERALPresidente \u2013 Jo\u00e3o Jos\u00e9 de Sousa Franco1\u00ba Secret\u00e1rio \u2013 Ant\u00f3nio \u00c2ngelo Ferr\u00e3o Veloso2\u00aa Secret\u00e1ria \u2013 Ana Carla Rodrigues Mendes MadeiraSuplente \u2013 Joel Filipe Amado Brito DIRE\u00c7\u00c3OPresidente \u2013 Jos\u00e9 Francisco Ferr\u00e3o VelosoVice-Presidente \u2013 Manuel Madeira MendesTesoureiro \u2013 Victor Manuel Oliveira Alves1\u00aa Secret\u00e1ria \u2013 Sara Filipa Fonseca Veloso2\u00aa Secret\u00e1ria \u2013 Ida Maria Teles B. M. Mendes1\u00ba [&hellip;]<\/p>\n","protected":false},"author":1,"featured_media":0,"parent":0,"menu_order":0,"comment_status":"closed","ping_status":"closed","template":"","meta":{"footnotes":""},"_links":{"self":[{"href":"http:\/\/srlsampaense.com\/index.php\/wp-json\/wp\/v2\/pages\/1749"}],"collection":[{"href":"http:\/\/srlsampaense.com\/index.php\/wp-json\/wp\/v2\/pages"}],"about":[{"href":"http:\/\/srlsampaense.com\/index.php\/wp-json\/wp\/v2\/types\/page"}],"author":[{"embeddable":true,"href":"http:\/\/srlsampaense.com\/index.php\/wp-json\/wp\/v2\/users\/1"}],"replies":[{"embeddable":true,"href":"http:\/\/srlsampaense.com\/index.php\/wp-json\/wp\/v2\/comments?post=1749"}],"version-history":[{"count":10,"href":"http:\/\/srlsampaense.com\/index.php\/wp-json\/wp\/v2\/pages\/1749\/revisions"}],"predecessor-version":[{"id":3021,"href":"http:\/\/srlsampaense.com\/index.php\/wp-json\/wp\/v2\/pages\/1749\/revisions\/3021"}],"wp:attachment":[{"href":"http:\/\/srlsampaense.com\/index.php\/wp-json\/wp\/v2\/media?parent=1749"}],"curies":[{"name":"wp","href":"https:\/\/api.w.org\/{rel}","templated":true}]}}