{"id":1550,"date":"2018-02-07T16:13:28","date_gmt":"2018-02-07T15:13:28","guid":{"rendered":"http:\/\/srlsampaense.com\/?page_id=1550"},"modified":"2018-02-07T16:14:23","modified_gmt":"2018-02-07T15:14:23","slug":"musica-e-letra-do-fado-dos-milagres","status":"publish","type":"page","link":"http:\/\/srlsampaense.com\/index.php\/musica-e-letra-do-fado-dos-milagres\/","title":{"rendered":"Musica e letra do Fado dos Milagres"},"content":{"rendered":"<p style=\"text-align: center;\"><strong>O FADO DOS MILAGRES<\/strong><\/p>\n<p style=\"text-align: center;\">M\u00fasica:\u00a0<strong>Antero Dias Alte da Veiga<\/strong>\u00a0(1866-1960)<br \/>\nLetra:\u00a0<strong>Antero Dias Alte da Veiga<\/strong>\u00a0(1866-1960)<br \/>\nIncipit: Linda terra de S\u00e3o Paio<br \/>\nOrigem: S\u00e3o Paio de Grama\u00e7os<br \/>\nData: ca. 1\u00aa d\u00e9cada do s\u00e9culo XX<\/p>\n<p style=\"text-align: center;\"><em>Linda terra de S\u00e3o Paio,<br \/>\nQue o Sol beija todo o dia,<br \/>\nNinho de tanta avezinha<br \/>\nOnde canta a Cotovia.<\/em><\/p>\n<p style=\"text-align: center;\">Carvalhinhas dos milagres<br \/>\nE sombrinhas do meu gosto<br \/>\nQue abrigais ora\u00e7\u00f5es<br \/>\nDos romeirinhos de Agosto.<\/p>\n<p style=\"text-align: center;\">Tantos anos que contais<br \/>\nPrimaveras e inverneiras<br \/>\nV\u00f3s sois de Nossa Senhora<br \/>\nAs mais fi\u00e9is companheiras.<\/p>\n<p style=\"text-align: center;\">\u00d3 Senhora dos Milagres,<br \/>\nProtectora da alegria,<br \/>\nAjudai a d\u00e9bil voz<br \/>\nDuma pobre Cotovia.<\/p>\n<p style=\"text-align: center;\">Eu n\u00e3o sei cantar cantigas,<br \/>\nMas canto do cora\u00e7\u00e3o,<br \/>\nAjudai-me raparigas<br \/>\nA cantar com devo\u00e7\u00e3o<br \/>\nVersos \u00e0 Virgem Maria!<br \/>\nCanta, canta, Cotovia!<\/p>\n<p><img decoding=\"async\" loading=\"lazy\" class=\"aligncenter wp-image-1547\" src=\"http:\/\/srlsampaense.com\/wp-content\/uploads\/2018\/02\/Fado-dos-Milagres-Antero-Veiga1.jpg\" alt=\"\" width=\"330\" height=\"427\" srcset=\"http:\/\/srlsampaense.com\/wp-content\/uploads\/2018\/02\/Fado-dos-Milagres-Antero-Veiga1.jpg 309w, http:\/\/srlsampaense.com\/wp-content\/uploads\/2018\/02\/Fado-dos-Milagres-Antero-Veiga1-232x300.jpg 232w\" sizes=\"(max-width: 330px) 100vw, 330px\" \/><\/p>\n<p><img decoding=\"async\" loading=\"lazy\" class=\"aligncenter wp-image-1548\" src=\"http:\/\/srlsampaense.com\/wp-content\/uploads\/2018\/02\/AN-Fado-dos-Milagres-Antero-Veiga-2.jpg\" alt=\"\" width=\"340\" height=\"440\" srcset=\"http:\/\/srlsampaense.com\/wp-content\/uploads\/2018\/02\/AN-Fado-dos-Milagres-Antero-Veiga-2.jpg 309w, http:\/\/srlsampaense.com\/wp-content\/uploads\/2018\/02\/AN-Fado-dos-Milagres-Antero-Veiga-2-232x300.jpg 232w\" sizes=\"(max-width: 340px) 100vw, 340px\" \/><\/p>\n","protected":false},"excerpt":{"rendered":"<p>O FADO DOS MILAGRES M\u00fasica:\u00a0Antero Dias Alte da Veiga\u00a0(1866-1960) Letra:\u00a0Antero Dias Alte da Veiga\u00a0(1866-1960) Incipit: Linda terra de S\u00e3o Paio Origem: S\u00e3o Paio de Grama\u00e7os Data: ca. 1\u00aa d\u00e9cada do s\u00e9culo XX Linda terra de S\u00e3o Paio, Que o Sol beija todo o dia, Ninho de tanta avezinha Onde canta a Cotovia. Carvalhinhas dos milagres [&hellip;]<\/p>\n","protected":false},"author":1,"featured_media":0,"parent":0,"menu_order":0,"comment_status":"closed","ping_status":"closed","template":"","meta":{"footnotes":""},"_links":{"self":[{"href":"http:\/\/srlsampaense.com\/index.php\/wp-json\/wp\/v2\/pages\/1550"}],"collection":[{"href":"http:\/\/srlsampaense.com\/index.php\/wp-json\/wp\/v2\/pages"}],"about":[{"href":"http:\/\/srlsampaense.com\/index.php\/wp-json\/wp\/v2\/types\/page"}],"author":[{"embeddable":true,"href":"http:\/\/srlsampaense.com\/index.php\/wp-json\/wp\/v2\/users\/1"}],"replies":[{"embeddable":true,"href":"http:\/\/srlsampaense.com\/index.php\/wp-json\/wp\/v2\/comments?post=1550"}],"version-history":[{"count":4,"href":"http:\/\/srlsampaense.com\/index.php\/wp-json\/wp\/v2\/pages\/1550\/revisions"}],"predecessor-version":[{"id":1555,"href":"http:\/\/srlsampaense.com\/index.php\/wp-json\/wp\/v2\/pages\/1550\/revisions\/1555"}],"wp:attachment":[{"href":"http:\/\/srlsampaense.com\/index.php\/wp-json\/wp\/v2\/media?parent=1550"}],"curies":[{"name":"wp","href":"https:\/\/api.w.org\/{rel}","templated":true}]}}